{"id":479,"date":"2021-03-03T14:45:22","date_gmt":"2021-03-03T14:45:22","guid":{"rendered":"https:\/\/www.iamas.org\/iccp\/?page_id=479"},"modified":"2021-07-18T09:29:03","modified_gmt":"2021-07-18T08:29:03","slug":"session-1-basic-cloud-and-precipitation-physics","status":"publish","type":"page","link":"https:\/\/www.iamas.org\/iccp\/session-1-basic-cloud-and-precipitation-physics\/","title":{"rendered":"Session 1 \u2013 Basic cloud and precipitation physics"},"content":{"rendered":"\n<p><strong>Oral session:<\/strong><\/p>\n\n\n\n<figure class=\"wp-block-table is-style-stripes\"><table><tbody><tr><td>S1.1 Large Eddy Simulations of the impact of shear-driven turbulence on snow growth <br>Bart Geerts1, Xia Chu1, Lulin Xue*2;<br><em>1University of Wyoming, USA, 2NCAR, USA<\/em>                 <a href=\"https:\/\/www.iamas.org\/iccp\/wp-content\/uploads\/sites\/3\/2021\/02\/Session11.mp4\" target=\"_blank\" rel=\"noreferrer noopener\"> <span class=\"has-inline-color has-blue-color\">(only audio; position 0:00:55)<\/span><\/a><\/td><\/tr><tr><td>S1.2 Omitted turbulent mechanism leading to preferential concentration in clouds <br>Katarzyna Karpinska*, Szymon P. Malinowski<br><em>Faculty of Physics, University of Warsaw, Poland<\/em>        <span class=\"has-inline-color has-blue-color\"><a href=\"https:\/\/www.iamas.org\/iccp\/wp-content\/uploads\/sites\/3\/2021\/02\/Session11.mp4\" target=\"_blank\" rel=\"noreferrer noopener\">(only audio; position 0:15:00)<\/a><\/span><\/td><\/tr><tr><td>S1.3 Turbulence enhancement of cloud droplet collisions: how does the droplet size distribution evolve in turbulent clouds?<br>Sisi Chen*, M.K. Yau, Peter Bartello<br><em>McGill University, Canada<\/em>                                             <span class=\"has-inline-color has-blue-color\"><a href=\"https:\/\/www.iamas.org\/iccp\/wp-content\/uploads\/sites\/3\/2021\/02\/Session11.mp4\" target=\"_blank\" rel=\"noreferrer noopener\"> (only audio; position 0:31:40)<\/a><\/span><\/td><\/tr><tr><td>S1.4 Drop-droplet collisions observed with holography in a vertical laminar flow<br>Anna Gorska*1,2, Jacob Fugal1,3, Subir Mitra3, Szymon Malinowski2,3, Stephan Borrmann1,3<br><em>1Max Planck Institute for Chemistry, Germany, 2Institute of Geophysics, Faculty of Physics, University of Warsaw, Poland, 3Institute of Atmospheric Physics, Johannes Gutenberg University, Germany<\/em> <br><span class=\"has-inline-color has-blue-color\"><a rel=\"noreferrer noopener\" href=\"https:\/\/www.iamas.org\/iccp\/wp-content\/uploads\/sites\/3\/2021\/02\/Session11.mp4\" target=\"_blank\">(only audio; position 0:47:00)<\/a><\/span><\/td><\/tr><tr><td>1.5 Retrieval of binned rain drop size distributions profiles from multi-frequency radar observations: potential for fingerprinting rain microphysics processes<br>Frederic Tridon*1, Alessandro Battaglia1,2<br><em>1Department of Physics and Astronomy, University of Leicester, UK, 2National Center Earth Observation, University of Leicester, UK<\/em>                                                   <span class=\"has-inline-color has-blue-color\"><a href=\"https:\/\/www.iamas.org\/iccp\/wp-content\/uploads\/sites\/3\/2021\/02\/Session11.mp4\" target=\"_blank\" rel=\"noreferrer noopener\">(only audio; position 1:03:45)<\/a><\/span><\/td><\/tr><tr><td>S1.6 Use of 3D-printed analogues to investigate the fall speed and orientation of natural ice particles<br>Chris Westbrook<br><em>University of Reading, UK<\/em>                                                      <span class=\"has-inline-color has-blue-color\"><a href=\"https:\/\/www.iamas.org\/iccp\/wp-content\/uploads\/sites\/3\/2021\/02\/Session11.mp4\" target=\"_blank\" rel=\"noreferrer noopener\">(only audio; position 1:18:20)<\/a><\/span><\/td><\/tr><tr><td>S1.7 Effective terminal velocity as a measure for the coupling between cloud microphysics and dynamics<br>Ilan Koren*1, Orit Altaratz1, Guy Dagan1, Reuven Heiblum1, Qian Chen1, Zev Levin2 <em>1Weizmann Institute of Science, Israel, 2Tel Aviv University, Israel<\/em>            <span class=\"has-inline-color has-blue-color\"><a href=\"https:\/\/www.iamas.org\/iccp\/wp-content\/uploads\/sites\/3\/2021\/02\/Session11.mp4\" target=\"_blank\" rel=\"noreferrer noopener\">(only audio; position 1:33:05)<\/a><\/span><\/td><\/tr><tr><td>S1.8 Cumulus precipitation and the development of the boundary layer<br>Huiwen Xue*1, Guoxing Chen2<br><em>1Peking University, China, 2University at Albany, State University of New York, USA<\/em><br>                                                                                                     <span class=\"has-inline-color has-blue-color\"><a href=\"https:\/\/www.iamas.org\/iccp\/wp-content\/uploads\/sites\/3\/2021\/02\/Session11.mp4\" target=\"_blank\" rel=\"noreferrer noopener\">(only audio; position 1:49:00)<\/a><\/span><\/td><\/tr><tr><td>S1.9 Homogeneous nucleation in supercooled cloud droplets<br>Ben Murray*1, James Atkinson1,2, Steven Dobbie1, Ross Herbert1, Thomas Koop3, Daniel O&#8217;Sullivan1<br><em>1University of Leeds, UK, 2ETH, Switzerland, 3Bielefeld University, UK<\/em>    <a rel=\"noreferrer noopener\" href=\"https:\/\/www.iamas.org\/iccp\/wp-content\/uploads\/sites\/3\/2021\/07\/session1_part2a-2.mp4\" data-type=\"URL\" data-id=\"https:\/\/www.iamas.org\/iccp\/wp-content\/uploads\/sites\/3\/2021\/07\/session1_part2a-2.mp4\" target=\"_blank\">(video; position 0:00)<\/a><\/td><\/tr><tr><td>S1.10 Supercooled Cloud Tunnel Studies on the Growth Conditions of Branched Planar Snow Crystals: The Influence of Crystal Growth Time<br>Tsuneya Takahashi<br><em>Hokkaido University of Education, Japan<\/em>  <a href=\"https:\/\/www.iamas.org\/iccp\/wp-content\/uploads\/sites\/3\/2021\/07\/session1_part2a-2.mp4\" data-type=\"URL\" data-id=\"https:\/\/www.iamas.org\/iccp\/wp-content\/uploads\/sites\/3\/2021\/07\/session1_part2a-2.mp4\" target=\"_blank\" rel=\"noreferrer noopener\">(video; position 16:13)<\/a><\/td><\/tr><tr><td>S1.11 The effectiveness of spectral bin schemes in simulating ice cloud particle size distributions and their variability<br>Wei Wu*1,2, Greg McFarquhar1,2, Lulin Xue2, Hugh Morrison2, Wojciech Grabowski2 <em>1University of Illinois at Urbana Champaign, USA, 2National Center for Atmospheric Research, USA<\/em><a href=\"https:\/\/www.iamas.org\/iccp\/wp-content\/uploads\/sites\/3\/2021\/07\/session1_part2b.mp4\" data-type=\"URL\" data-id=\"https:\/\/www.iamas.org\/iccp\/wp-content\/uploads\/sites\/3\/2021\/07\/session1_part2b.mp4\" target=\"_blank\" rel=\"noreferrer noopener\"> (video; position 0:00)<\/a><\/td><\/tr><tr><td>S1.12 The effect of ice particles growth rates in convective clouds<br>Paul Connolly*1, Christopher Westbrook2, Junshik Um3, Karina Mccusker2 <em>1University of Manchester, UK, 2University of Reading, UK, 3University of Illinois, USA<\/em><a href=\"https:\/\/www.iamas.org\/iccp\/wp-content\/uploads\/sites\/3\/2021\/07\/session1_part2b.mp4\" data-type=\"URL\" data-id=\"https:\/\/www.iamas.org\/iccp\/wp-content\/uploads\/sites\/3\/2021\/07\/session1_part2b.mp4\" target=\"_blank\" rel=\"noreferrer noopener\"> (video; position 15:00)<\/a><\/td><\/tr><tr><td>S1.13 Simulations of Radar Reflectivity Factors at 94GHz: Ice Crystal Approximation with Oblate Spheroids<br>Emmanuel Fontaine1, Delphine Leroy1, Alfons Schwarzenboeck*1, Pierre Coutris1, Julien Delano\u00eb2, Alain Protat3, Fabien Dezitter4, Alice Calmels4, Walter Strapp5, Lyle Lilie6, <em>1UBP\/ CNRS \/ LaMP, France, 2UVSQ \/ CNRS \/ LATMOS, France, 3CAWC \/ BOM, Australia, 4AIRBUS, France, 5Met Analytics, Canada, 6Science Engineering Associates, USA<\/em> <a href=\"https:\/\/www.iamas.org\/iccp\/wp-content\/uploads\/sites\/3\/2021\/07\/session1_part2b.mp4\" data-type=\"URL\" data-id=\"https:\/\/www.iamas.org\/iccp\/wp-content\/uploads\/sites\/3\/2021\/07\/session1_part2b.mp4\" target=\"_blank\" rel=\"noreferrer noopener\">(video; position 31:00)<\/a><\/td><\/tr><tr><td>S1.14 Measurements of vapor growth and sublimation of individually levitated ice particles below -30\u00b0C Marcus Hanson*, Alfred Moyle, Jerry Harrington<br><em>The Pennsylvania State University, USA<\/em> <a href=\"https:\/\/www.iamas.org\/iccp\/wp-content\/uploads\/sites\/3\/2021\/07\/session1_part2c.mp4\" data-type=\"URL\" data-id=\"https:\/\/www.iamas.org\/iccp\/wp-content\/uploads\/sites\/3\/2021\/07\/session1_part2c.mp4\" target=\"_blank\" rel=\"noreferrer noopener\">(video; position 1:00)<\/a><\/td><\/tr><tr><td>S1.15 Developing an advanced categorization scheme for autoconversion using new observables from ground based observations.<br>Claudia Acquistapace*1, Ulrich L\u00f6hnert1, Max Maahn1, Stefan Kneifel1, Pavlos Kollias2, <em>1Institute for Geophysics and Meteorology, Germany, 2McGill University, Canada<\/em> <a href=\"https:\/\/www.iamas.org\/iccp\/wp-content\/uploads\/sites\/3\/2021\/07\/session1_part2c.mp4\" data-type=\"URL\" data-id=\"https:\/\/www.iamas.org\/iccp\/wp-content\/uploads\/sites\/3\/2021\/07\/session1_part2c.mp4\" target=\"_blank\" rel=\"noreferrer noopener\">(video; position 17:45)<\/a><\/td><\/tr><tr><td>S1.16 Wind tunnel studies on formation and growth processes of atmospheric ice particles Mikl\u00f3s Szak\u00e1ll*1, Alexander Jost2, Oliver Eppers1,2, Amelie Mayer1, Karoline Diehl1, Subir Mitra2, Stephan Borrmann1,2<br><em>1University of Mainz, Germany, 2Max Planck Institute for Chemistry, Germany<\/em> <a href=\"https:\/\/www.iamas.org\/iccp\/wp-content\/uploads\/sites\/3\/2021\/07\/session1_part2c.mp4\" data-type=\"URL\" data-id=\"https:\/\/www.iamas.org\/iccp\/wp-content\/uploads\/sites\/3\/2021\/07\/session1_part2c.mp4\" target=\"_blank\" rel=\"noreferrer noopener\">(video; positon 31:00)<\/a><\/td><\/tr><tr><td>S1.17 Does the shape of the assumed raindrop size distribution matter in convection? Sean Freeman*, Susan van den Heever, Adele Igel<br><em>Colorado State University, USA<\/em> <a href=\"https:\/\/www.iamas.org\/iccp\/wp-content\/uploads\/sites\/3\/2021\/07\/session1_part2d.mp4\" data-type=\"URL\" data-id=\"https:\/\/www.iamas.org\/iccp\/wp-content\/uploads\/sites\/3\/2021\/07\/session1_part2d.mp4\" target=\"_blank\" rel=\"noreferrer noopener\">(video: position 0:50)<\/a><\/td><\/tr><tr><td>S1.18 Exploring the diabatic role of ice microphysical processes in two North Atlantic summer cyclones<br>Christopher Dearden*1, Geraint Vaughan1, Tzu-Chin Tsai2, Jen-Ping Chen2 <em>1University of Manchester, UK, 2National Taiwan University, Taiwan<\/em> <a href=\"https:\/\/www.iamas.org\/iccp\/wp-content\/uploads\/sites\/3\/2021\/07\/session1_part2d.mp4\" data-type=\"URL\" data-id=\"https:\/\/www.iamas.org\/iccp\/wp-content\/uploads\/sites\/3\/2021\/07\/session1_part2d.mp4\" target=\"_blank\" rel=\"noreferrer noopener\">(video; position 13:45)<\/a><\/td><\/tr><tr><td>S1.19 Cloud Droplet Growth and Drizzle Formation in a Turbulent Laboratory Cloud W. Cantrell, K. Chandrakar, K. Chang, D. Ciochetto, D. Niedermeier, R. Shaw*, F. Yang <em>Michigan Technological University, USA<\/em> <a href=\"https:\/\/www.iamas.org\/iccp\/wp-content\/uploads\/sites\/3\/2021\/07\/session1_part2d.mp4\" data-type=\"URL\" data-id=\"https:\/\/www.iamas.org\/iccp\/wp-content\/uploads\/sites\/3\/2021\/07\/session1_part2d.mp4\" target=\"_blank\" rel=\"noreferrer noopener\">(video: position 28:30)<\/a><\/td><\/tr><\/tbody><\/table><\/figure>\n\n\n\n<p><strong>Poster session:<\/strong><\/p>\n\n\n\n<figure class=\"wp-block-table\"><table><tbody><tr><td>P1.1 Parameterization of Charge Modulation of Aerosol Scavenging with Varying Relative Humidity Brian Tinsley<br><em>Univ. of Texas at Dallas, USA<\/em><\/td><\/tr><tr><td>P1.2 Analysis of Precipitation Characteristics based on Laser Optical Spectrometer Data in Tianjin Area Ruijun Jin*, Wei Song<br><em>Tianjin Weather Modification Office, China<\/em><\/td><\/tr><tr><td>P1.3 Extreme deformation and breakup of drop suspended in a vertical wind tunnel in the presence of a horizontal electric field.<br>Rohini Bhalwankar*, C.G. Deshpande, A.K. Kamra<br><em>Indian Institute of tropical Meteorology,, India<\/em><\/td><\/tr><tr><td>P1.4 Buoyancy of warm convective clouds: the role of humidity<br>Guy Dagan*, Ilan Koren, Orit Altaratz, Reuven H. Heiblum<br><em>Department of Earth and Planetary SWeizmann Institute of Science, Israel<\/em><\/td><\/tr><tr><td>P1.5 Moist vs. dry convection: Influence of cloud droplet growth and evaporation on turbulent flow<br>Dennis Niedermeier*1,2, Will Cantrell1, Kamal Chandrakar1, Kelken Chang1, David Ciochetto1, Raymond Shaw1 <em>1Department of Physics, Michigan Technological University, USA, 2Leibniz Institute for Tropospheric Research, Germany<\/em><\/td><\/tr><tr><td>P1.6 Scavenging of aerosol particles and minimum collection efficiency diameter during snow precipitation<br>Chang Hoon Jung*1, Soo Ya Bae2, Yong Pyo Kim3<br><em>1Kyungin Women&#8217;s University, Republic of Korea, 2KIAPS, Republic of Korea, 3Ewha Womans University, Republic of Korea<\/em><\/td><\/tr><tr><td>P1.7 Numerical simulations for cloud droplet diffusion processes with a newly modified triple-moment bulk cloud microphysics<br>Wei Deng*, Jiming Sun<br><em>Institute of Atmospheric Physics, Chinese Academy of Sciences, China<\/em><\/td><\/tr><tr><td>P1.8 Numerical investigation for the effects of the vertical wind shear on the cloud droplet spectra broadening at the lateral boundary of the cumulus clouds<br>JIMING SUN*, YONGQING WANG<br><em>Key Laboratory of Cloud-Precipitation Physics and Severe Storms,Institute of Atmospheric Physics, Chinese Academy of Sciences, China<\/em><\/td><\/tr><tr><td>P1.9 Analysis on the macro- and micro- characteristics of Cloud System Based on Airborne Particle Measuring System Liren Xu*, Jun Cai, Runqiang Chen<br><em>Institute of Atmospheric Physics,Chinese Academy of Sciences, China<\/em><\/td><\/tr><tr><td>P1.10 RaindropFallVelocityDeviationsfromtheTerminalVelocities Firat Testik*, Kalimur Rahman<br><em>The University of Texas at San Antonio, USA<\/em><\/td><\/tr><tr><td>P1.11 Microphysicalfeaturesofprecipitationparticlesinmeltinglayerbyground-baseddirectmeasurements<br>Kenji Suzuki*1, Katsuhiro Nakagawa2, Yuki Kaneko3, Riko Oki3, Kenji Nakamura4<br><em>1Yamaguchi University, Japan, 2National Institute of Information and Communications Technology, Japan, 3Japan Aerospace Exploration Agency, Japan, 4Dokkyo University, Japan<\/em><\/td><\/tr><tr><td>P1.12 TestingLagrangianparticle-basedwarm-rainmicrophysicsschemeinakinematicframework<br>Anna Zimniak*1, Hanna Pawlowska1, Wojciech W. Grabowski2<br><em>1Institute of Geophysics, Faculty of Physics, University of Warsaw, Poland, 2National Center fo Atmospheric Research (NCAR), USA<\/em><\/td><\/tr><tr><td>P1.13 Howdocollisionandcoalescencecontributetotheactivationofdroplets? Fabian Hoffmann*, Siegfried Raasch<br><em>Leibniz Universit\u00e4t Hannover, Germany<\/em><\/td><\/tr><tr><td>P1.14 Towardsmicro-andmacrophysicalparameterizationofshallowconvectiveclouds:FromLarge-EddySimulationtomulti- UAV-based cloud sampling<br>Fay\u00e7al Lamraoui*1, Greg Roberts1,2, Fr\u00e9d\u00e9ric Burnet1<br><em>1M\u00e9t\u00e9o-France\/CNRS, CNRM\/GAME, France, 2Scripps Institution of Oceanography, University of California, USA<\/em><\/td><\/tr><tr><td>P1.15 EVOLUTION OF RAINDROP SIZE DISTRIBUTIONS DURING A STRATIFORM PRECIPITATION EVENT IN THE CITY OF LEON (SP AIN)<br>Carlos Blanco-Alegre1, Amaya Castro1, Ana I Calvo1, Delia Fernandez-Gonzalez2,3, Rosa M Valencia-Barrera2, Ana M Vega- Maray2, Roberto Fraile*1<br><em>1University of Le\u00f3n. Department of Physics, IMARENAB, Spain, 2University of Le\u00f3n. Biodiversity and Environmental<\/em><br><em>Management, Spain, 3Institute of Atmospheric Sciences and Climate, Italian National Research Country, Italy<\/em><\/td><\/tr><tr><td>P1.16 On the impact of internal fluctuations on growth of cloud droplets due to collision-coalescence:Numerical calcul at post-gel droplet size distribution.<br>Lester Alfonso1,2, Graciela Binimelis de Raga*1<br><em>1Universidad Autonoma de la Ciudad de Mexico, Mexico, 2Centro de Ciencias de la Atmosfera, UNAM, Mexico<\/em><\/td><\/tr><tr><td>P1.17 On the observation of giant sea salt aerosol size distributions over the SE Pacific during the 2008 VOCALS deployment Jorgen Jensen*, Alison Nugent<br><em>NCAR Earth Observation Laboratory, USA<\/em><\/td><\/tr><tr><td>P1.18 Collision-coalescence rates estimated from insitu observations of marine stratocumulus Mikael Witte*, Patrick Chuang, Dione Rossiter<br><em>University of California Santa Cruz, USA<\/em><\/td><\/tr><tr><td>P1.19 Characterizing microphysical precursor conditions for precipitation initiation in marine stratocumulus Hannah Chandler, David Mechem*<br><em>University of Kansas, USA<\/em><\/td><\/tr><tr><td>P1.20 A new sedimentation scheme for double moment microphysics model: How to make it fast, interactive and avoid size sorting<br>Frederick Chosson<br><em>McGill University, Canada<\/em><\/td><\/tr><tr><td>P1.21 The Eastern North Atlantic ARM site: a highly-instrumented surface remote sensing and in-situ measurement site for clouds and aerosols in the remote marine boundary layer<br>Robert Wood*1, Mark Miller2, Pavlos Kollias3, Kim Nitschke4, Eduardo Brito de Azevedo5<br><em>1University of Washington, USA, 2Rutgers University, USA, 3Stony Brook University, USA, 4Los Alamos National Laboratory, USA, 5Universidade dos A\u00e7ores, Portugal<\/em><\/td><\/tr><tr><td>P1.22 Analytical solutions of the supersaturation equation for a warm cloud Ben Devenish*, K Furtado<br><em>Met Office, UK<\/em><\/td><\/tr><\/tbody><\/table><\/figure>\n","protected":false},"excerpt":{"rendered":"<p>Oral session: S1.1 Large Eddy Simulations of the impact of shear-driven turbulence on snow growth Bart Geerts1, Xia Chu1, Lulin Xue*2;1University of Wyoming, USA, 2NCAR, USA (only audio; position 0:00:55) S1.2 Omitted turbulent mechanism leading to preferential concentration in clouds Katarzyna Karpinska*, Szymon P. MalinowskiFaculty of Physics, University of Warsaw, Poland (only audio; position 0:15:00) [&hellip;]<\/p>\n","protected":false},"author":9,"featured_media":0,"parent":0,"menu_order":0,"comment_status":"closed","ping_status":"closed","template":"","meta":{"ngg_post_thumbnail":0,"cybocfi_hide_featured_image":"","footnotes":""},"class_list":["post-479","page","type-page","status-publish","hentry"],"post_mailing_queue_ids":[],"_links":{"self":[{"href":"https:\/\/www.iamas.org\/iccp\/wp-json\/wp\/v2\/pages\/479","targetHints":{"allow":["GET"]}}],"collection":[{"href":"https:\/\/www.iamas.org\/iccp\/wp-json\/wp\/v2\/pages"}],"about":[{"href":"https:\/\/www.iamas.org\/iccp\/wp-json\/wp\/v2\/types\/page"}],"author":[{"embeddable":true,"href":"https:\/\/www.iamas.org\/iccp\/wp-json\/wp\/v2\/users\/9"}],"replies":[{"embeddable":true,"href":"https:\/\/www.iamas.org\/iccp\/wp-json\/wp\/v2\/comments?post=479"}],"version-history":[{"count":6,"href":"https:\/\/www.iamas.org\/iccp\/wp-json\/wp\/v2\/pages\/479\/revisions"}],"predecessor-version":[{"id":645,"href":"https:\/\/www.iamas.org\/iccp\/wp-json\/wp\/v2\/pages\/479\/revisions\/645"}],"wp:attachment":[{"href":"https:\/\/www.iamas.org\/iccp\/wp-json\/wp\/v2\/media?parent=479"}],"curies":[{"name":"wp","href":"https:\/\/api.w.org\/{rel}","templated":true}]}}