{"id":626,"date":"2021-07-17T11:14:27","date_gmt":"2021-07-17T10:14:27","guid":{"rendered":"https:\/\/www.iamas.org\/iccp\/?page_id=626"},"modified":"2021-07-31T17:14:05","modified_gmt":"2021-07-31T16:14:05","slug":"session-9-tropical-clouds-and-cloud-systems","status":"publish","type":"page","link":"https:\/\/www.iamas.org\/iccp\/session-9-tropical-clouds-and-cloud-systems\/","title":{"rendered":"Session 9 \u2013 Tropical clouds and cloud systems"},"content":{"rendered":"\n<p><strong>Oral session:<\/strong><\/p>\n\n\n\n<figure class=\"wp-block-table is-style-stripes\"><table><tbody><tr><td>S9.1 Understanding Tropical Cloud Feedback from an Analysis of the Circulation and Stability Regimes Simulated from an Upgraded Multiscale Modeling Framework<br>Kuan-Man Xu*<sup>1<\/sup>, Anning Cheng<sup>2<\/sup><br><em><sup>1<\/sup>NASA Langley Research Center, USA, <sup>2<\/sup>NOAA Center for Weather and Climate Prediction (NCWCP), USA<\/em><br><a href=\"https:\/\/www.iamas.org\/iccp\/wp-content\/uploads\/sites\/3\/2021\/07\/session6_part1c.mp4\" data-type=\"URL\" data-id=\"https:\/\/www.iamas.org\/iccp\/wp-content\/uploads\/sites\/3\/2021\/07\/session6_part1c.mp4\" target=\"_blank\" rel=\"noreferrer noopener\">(video; position 0:00)<\/a><\/td><\/tr><tr><td>S9.2 HAIC\/HIWC field project: ice crystal mass-size relationship in high ice water content cloud conditions<br>Delphine Leroy<sup>1<\/sup>, Pierre Coutris<sup>1<\/sup>, Emmanuel Fontaine<sup>1<\/sup>, Alfons Schwarzenboeck*<sup>1<\/sup>, J. Walter Strapp<sup>2<\/sup>, Alexei Korolev<sup>3<\/sup>, Greg McFarquhar<sup>4<\/sup>, Christophe Gourbeyre<sup>1<\/sup>, Regis Dupuy<sup>1<\/sup>, Fabien Dezitter<sup>5<\/sup>, Alice Calmels<sup>5<\/sup><br><em><sup>1<\/sup>LaMP -CNRS\/UBP-, France, <sup>2<\/sup>Met Analytics, Inc., Canada, <sup>3<\/sup>Environment Canada, Canada, <sup>4<\/sup>University of Illinois, USA, <sup>5<\/sup>Airbus Operation SAS, France<\/em> <a href=\"https:\/\/www.iamas.org\/iccp\/wp-content\/uploads\/sites\/3\/2021\/07\/session6_part1c.mp4\" data-type=\"URL\" data-id=\"https:\/\/www.iamas.org\/iccp\/wp-content\/uploads\/sites\/3\/2021\/07\/session6_part1c.mp4\" target=\"_blank\" rel=\"noreferrer noopener\">(video; position18:37)<\/a><\/td><\/tr><tr><td>S9.3 On the vertical structure of IWC and 3D wind in deep tropical convection observed during the HIWC-HAIC-experiment at Darwin: a comparison of small scale, bin resolved cloud modeling with airborne cloud radar observations<br>Wolfram Wobrock*<sup>1<\/sup>, Julien Delano\u00eb<sup>2<\/sup><br><em><sup>1<\/sup>Laboratoire de M\u00e9t\u00e9orologie Physique, Clermont Universit\u00e9, France, <sup>2<\/sup>Laboratoire Atmosph\u00e8re, Milieux, Observations Spatiales, France<\/em> <a href=\"https:\/\/www.iamas.org\/iccp\/wp-content\/uploads\/sites\/3\/2021\/07\/session6_part1c.mp4\" data-type=\"URL\" data-id=\"https:\/\/www.iamas.org\/iccp\/wp-content\/uploads\/sites\/3\/2021\/07\/session6_part1c.mp4\" target=\"_blank\" rel=\"noreferrer noopener\">(video; position 34:00)<\/a><\/td><\/tr><tr><td>S9.4 Ice Particle Initiation and Development in Tropical Convective Clouds around the Cape Verde Archipelago<br>Jonathan Crosier*<sup>1<\/sup>, Gary Lloyd<sup>1<\/sup>, Thomas Choularton<sup>1<\/sup>, Martin Gallagher<sup>1<\/sup>, Keith Bower<sup>1<\/sup>, Michael Flynn<sup>1<\/sup>, Jonathan Taylor<sup>1<\/sup>, Alan Blyth<sup>3<\/sup>, Paul Field<sup>2<\/sup>, Richard Cotton<sup>2<\/sup><br><em><sup>1<\/sup>University of Manchester, UK, <sup>2<\/sup>Met Office, UK, <sup>3<\/sup>University of Leeds, UK<\/em><a href=\"https:\/\/www.iamas.org\/iccp\/wp-content\/uploads\/sites\/3\/2021\/07\/session9_part1a.mp4\" data-type=\"URL\" data-id=\"https:\/\/www.iamas.org\/iccp\/wp-content\/uploads\/sites\/3\/2021\/07\/session9_part1a.mp4\" target=\"_blank\" rel=\"noreferrer noopener\"> (video; position 0:00)<\/a><\/td><\/tr><tr><td>S9.5 Effects of microphysical processes on the aggregation of convective clouds and the evolution to a tropical cyclone<br>Tetsuya Takemi<br><em>Disaster Prevention Research Institute, Kyoto University, Japan<\/em><a href=\"https:\/\/www.iamas.org\/iccp\/wp-content\/uploads\/sites\/3\/2021\/07\/session9_part1a.mp4\" data-type=\"URL\" data-id=\"https:\/\/www.iamas.org\/iccp\/wp-content\/uploads\/sites\/3\/2021\/07\/session9_part1a.mp4\" target=\"_blank\" rel=\"noreferrer noopener\"> (video; position 15:57)<\/a><\/td><\/tr><tr><td>S9.6 Observed relationships between cloud vertical structure and convective aggregation over tropical ocean<br>Thorwald Stein*<sup>1<\/sup>, Chris Holloway<sup>1<\/sup>, Isabelle Tobin<sup>2<\/sup>, Sandrine Bony<sup>3<\/sup><br><em><sup>1<\/sup>University of Reading, UK, <sup>2<\/sup>LSCE\/IPSL\/CNRS, France, <sup>3<\/sup>LMD, ISPL, CNRS, France<\/em> <a href=\"https:\/\/www.iamas.org\/iccp\/wp-content\/uploads\/sites\/3\/2021\/07\/session9_part1b.mp4\" data-type=\"URL\" data-id=\"https:\/\/www.iamas.org\/iccp\/wp-content\/uploads\/sites\/3\/2021\/07\/session9_part1b.mp4\" target=\"_blank\" rel=\"noreferrer noopener\">(video; position 0:00)<\/a><\/td><\/tr><tr><td>S9.7 Lagrangian and Eulerian Evolutions of the Tropical Column Humidity-Precipitation Relationship<br>Matthew Igel<br><em>University of Miami, USA<\/em> <a href=\"https:\/\/www.iamas.org\/iccp\/wp-content\/uploads\/sites\/3\/2021\/07\/session9_part1b.mp4\" data-type=\"URL\" data-id=\"https:\/\/www.iamas.org\/iccp\/wp-content\/uploads\/sites\/3\/2021\/07\/session9_part1b.mp4\" target=\"_blank\" rel=\"noreferrer noopener\">(video; position 16:00)<\/a><\/td><\/tr><tr><td>S9.8 Processes controlling the diurnal cycle of moist convection in the West African Sahel<br>Miroslav Provod*, John Marsham, Douglas Parker<br><em>University of Leeds, UK<\/em> <a href=\"https:\/\/www.iamas.org\/iccp\/wp-content\/uploads\/sites\/3\/2021\/07\/session9_part1c.mp4\" data-type=\"URL\" data-id=\"https:\/\/www.iamas.org\/iccp\/wp-content\/uploads\/sites\/3\/2021\/07\/session9_part1c.mp4\" target=\"_blank\" rel=\"noreferrer noopener\">(video; position 0:00)<\/a><\/td><\/tr><tr><td>S9.9 Do deep convective water budgets change in a warmer climate?<br>Rachel Storer*<sup>1,2<\/sup>, Graeme Stephens<sup>1,2<\/sup>, Susan van den Heever<sup>1<\/sup><br><em><sup>1<\/sup>Colorado State University, USA, <sup>2<\/sup>Jet Propulsion Laboratory, USA<\/em> <a href=\"https:\/\/www.iamas.org\/iccp\/wp-content\/uploads\/sites\/3\/2021\/07\/session9_part1c.mp4\" data-type=\"URL\" data-id=\"https:\/\/www.iamas.org\/iccp\/wp-content\/uploads\/sites\/3\/2021\/07\/session9_part1c.mp4\" target=\"_blank\" rel=\"noreferrer noopener\">(video; position 12:30)<\/a><\/td><\/tr><\/tbody><\/table><\/figure>\n\n\n\n<figure class=\"wp-block-table is-style-stripes\"><table><tbody><tr><td>P9.21 Impacts of mesoscale convective systems development on the distribution of precipitation over Costa Rica.<br>Ana Mar\u00eda Dur\u00e1n-Quesada*<sup>1,2<\/sup>, Daniel Poleo<sup>3<\/sup>, Jorge A Amador<sup>1,2<\/sup><br><em><sup>1<\/sup>Department of Atmospheric, Oceanic and Planetary Physics. School of Physics. University of Costa Rica, Costa Rica, <sup>2<\/sup>Center for Geophysical Research. University of Costa Rica., Costa Rica, <sup>3<\/sup>National Meteorological Institute, Costa Rica., Costa Rica<\/em> <a rel=\"noreferrer noopener\" href=\"https:\/\/www.iamas.org\/iccp\/wp-content\/uploads\/sites\/3\/2021\/07\/session9_part3a.mp4\" data-type=\"URL\" data-id=\"https:\/\/www.iamas.org\/iccp\/wp-content\/uploads\/sites\/3\/2021\/07\/session9_part3a.mp4\" target=\"_blank\">(video; position 0:00)<\/a> (poster to oral)<\/td><\/tr><tr><td>S9.11 An integrated view of aerosol effects on convection<br>Philip Stier*, Sarah Taylor, Bethan White, Zak Kipling, Laurent Labbouz, Max Heikenfeld<br><em>Department of Physics, University of Oxford, UK<\/em> <a href=\"https:\/\/www.iamas.org\/iccp\/wp-content\/uploads\/sites\/3\/2021\/07\/session9_part3b.mp4\" data-type=\"URL\" data-id=\"https:\/\/www.iamas.org\/iccp\/wp-content\/uploads\/sites\/3\/2021\/07\/session9_part3b.mp4\" target=\"_blank\" rel=\"noreferrer noopener\">(video; position 0:00)<\/a><\/td><\/tr><tr><td>S9.12 Quantifying aerosol effects on deep convection throughout the cloud lifecycle in high-resolution simulations over the Amazon and Congo basin<br>Bethan White*, Philip Stier, Max Heikenfeld<br><em>University of Oxford, UK<\/em> <a href=\"https:\/\/www.iamas.org\/iccp\/wp-content\/uploads\/sites\/3\/2021\/07\/session9_part3a.mp4\" data-type=\"URL\" data-id=\"https:\/\/www.iamas.org\/iccp\/wp-content\/uploads\/sites\/3\/2021\/07\/session9_part3a.mp4\" target=\"_blank\" rel=\"noreferrer noopener\">(video; position 17:00)<\/a><\/td><\/tr><tr><td>S9.13 Biomass Burning Aerosol Detection in Near Real-Time: An algorithm to aid mission planning in the field<br>Michael Diamond*, Rob Wood<br><em>University of Washington, USA<\/em><a href=\"https:\/\/www.iamas.org\/iccp\/wp-content\/uploads\/sites\/3\/2021\/07\/session9_part3b.mp4\" data-type=\"URL\" data-id=\"https:\/\/www.iamas.org\/iccp\/wp-content\/uploads\/sites\/3\/2021\/07\/session9_part3b.mp4\" target=\"_blank\" rel=\"noreferrer noopener\"> (video; position 15:40)<\/a><\/td><\/tr><tr><td>S9.14 Microphysical Properties of TTL Cirrus<br>Sarah Woods*<sup>1<\/sup>, Paul Lawson<sup>1<\/sup>, Eric Jensen<sup>2<\/sup>, Paul Bui<sup>2<\/sup>, Troy Thornberry<sup>3<\/sup>, Andrew Rollins<sup>3<\/sup><br><em><sup>1<\/sup>SPEC, Inc., USA, <sup>2<\/sup>NASA Ames Research Center, USA, <sup>3<\/sup>NOAA ESRL\/CIRES, USA<\/em> <a href=\"https:\/\/www.iamas.org\/iccp\/wp-content\/uploads\/sites\/3\/2021\/07\/session9_part3c.mp4\" data-type=\"URL\" data-id=\"https:\/\/www.iamas.org\/iccp\/wp-content\/uploads\/sites\/3\/2021\/07\/session9_part3c.mp4\" target=\"_blank\" rel=\"noreferrer noopener\">(video; position 0:00)<\/a><\/td><\/tr><tr><td>S9.15 Characterization of ice particles in TTL cirrus using 2D light scattering<br>Zbigniew Ulanowski*<sup>1<\/sup>, Paul Kaye<sup>1<\/sup>, Edwin Hirst<sup>1<\/sup>, Chris Stopford<sup>1<\/sup>, Eric Jensen<sup>2<\/sup>, James Dorsey<sup>3<\/sup>, Richard Greenaway<sup>1<\/sup>, Georg Ritter<sup>1<\/sup>, Evelyn Hesse<sup>1<\/sup>, Troy Thornberry<sup>4<\/sup>, Andrew Rollins<sup>4<\/sup>, Neil Harris<sup>5<\/sup>, Martin Gallagher<sup>3<\/sup>, Sarah Woods<sup>6<\/sup>, Paul Lawson<sup>6<\/sup><br><em><sup>1<\/sup>University of Hertfordshire, UK, <sup>2<\/sup>NASA Ames Research Center, USA, <sup>3<\/sup>University of Manchester, UK, <sup>4<\/sup>NOAA ESRL Chemical Sciences Division, USA, <sup>5<\/sup>University of Cambridge, UK, <sup>6<\/sup>SPEC Inc., USA<\/em> <a href=\"https:\/\/www.iamas.org\/iccp\/wp-content\/uploads\/sites\/3\/2021\/07\/session9_part3c.mp4\" data-type=\"URL\" data-id=\"https:\/\/www.iamas.org\/iccp\/wp-content\/uploads\/sites\/3\/2021\/07\/session9_part3c.mp4\" target=\"_blank\" rel=\"noreferrer noopener\">(video; position 15:40)<\/a><\/td><\/tr><tr><td>S9.16 Bimodality and variability of particle size distributions in high Ice Water Content regions and their relation to cloud and meteorological conditions<br>Shichu Zhu*<sup>1<\/sup>, Greg M McFarquhar<sup>1<\/sup>, Delphine Leroy<sup>2<\/sup>, Alexei Korolev<sup>3<\/sup>, Alfons Schwarzenboeck<sup>2<\/sup>, Wei Wu<sup>1<\/sup>, Walter Strapp<sup>4<\/sup><br><em><sup>1<\/sup>1University of Illinois, USA, <sup>2<\/sup>CNRS\/Universit\u00e9 Blaise Pascal, France, <sup>3<\/sup>Environment Canada (EC), Canada, <sup>4<\/sup>Met Analytics Inc, Canada<\/em> <a href=\"https:\/\/www.iamas.org\/iccp\/wp-content\/uploads\/sites\/3\/2021\/07\/session9_part3d.mp4\" data-type=\"URL\" data-id=\"https:\/\/www.iamas.org\/iccp\/wp-content\/uploads\/sites\/3\/2021\/07\/session9_part3d.mp4\" target=\"_blank\" rel=\"noreferrer noopener\">(video; position 0:00)<\/a><\/td><\/tr><\/tbody><\/table><\/figure>\n\n\n\n<p><strong>Poster session:<\/strong><\/p>\n\n\n\n<figure class=\"wp-block-table is-style-stripes\"><table><tbody><tr><td>P9.1 Simulation of the tropical cyclone Dumile in Meso-NH&nbsp;: coupling between a 2-moment microphysics scheme, an aerosol scheme inititalized with MACC analysis, and an explicit emission of sea salt<br>Thomas Hoarau*<sup>1<\/sup>, Christelle Barthe<sup>1<\/sup>, Pierre Tulet<sup>1<\/sup>, Olivier Bousquet<sup>1<\/sup>, Jean-Pierre Pinty<sup>2<\/sup>, Marine Claeys<sup>3<\/sup>, Beno\u00eet Vi\u00e9<sup>3<\/sup>, Julien Delano\u00eb<sup>4<\/sup>, Jacques Pelon<sup>4<\/sup><br><em><sup>1<\/sup><\/em><em>Laboratoire de l&#8217;Atmosph\u00e8re et des Cyclones (UMR 8105, CNRS \/ M\u00e9t\u00e9o-France \/ Universit\u00e9 de La R\u00e9union), France, <sup>2<\/sup>Laboratoire d&#8217;A\u00e9rologie (UMR 5560, CNRS \/ Universit\u00e9 de Toulouse), France, <sup>3<\/sup>CNRM-GAME (UMR 3589, CNRS \/ M\u00e9t\u00e9o-France), France, <sup>4<\/sup>LATMOS (UMR 8190, UVSQ\/CNRS\/UPMC-IPSL), France<\/em><\/td><\/tr><tr><td>P9.2 A characterization of cold pools in the West African Sahel<br>Miroslav Provod*<sup>1<\/sup>, John Marsham<sup>1<\/sup>, Douglas Parker<sup>1<\/sup>, Cathryn Birch<sup>1,2<\/sup><br><em><sup>1<\/sup><\/em><em>University of Leeds, UK, <sup>2<\/sup>Met Office @ Leeds, UK<\/em><\/td><\/tr><tr><td>P9.3 The Impact of Biomass Burning Aerosols on Convective Cloud over the Western Pacific Warm Pool<br>Hsiang-He Lee*<sup>1<\/sup>, Chien Wang<sup>1,2<\/sup><br><em><sup>1<\/sup><\/em><em>Singapore-MIT Alliance for Research and Technology (SMART), Singapore, <sup>2<\/sup>Department of Earth, Atmosphere and Planetary Science, MIT, USA<\/em><\/td><\/tr><tr><td>P9.4 Emergence of consistent reflectivity profile behavior in the tropics as observed by TRMM<br>Reuven H. Heiblum*<sup>1<\/sup>, Orit Altaratz<sup>1<\/sup>, Ilan Koren<sup>1<\/sup>, Alexander Kostinski<sup>2<\/sup><br><em><sup>1<\/sup><\/em><em>Department of Earth and Planetary Sciences, Weizmann Institute of Science, Israel, <sup>2<\/sup>Department of Physics, Michigan Technological University, USA<\/em><\/td><\/tr><tr><td>P9.5 The Effects of Sea-Spray on Deep Convective Cloud under strong wind conditions<br>Jacob Shpund, Alexander Khain*, Daniel Rosenfeld<br><em>The Hebrew University of Jerusalem, Israel<\/em><\/td><\/tr><tr><td>P9.6 Sensitivity of precipitation to clouds over upwind ocean in the Hawaii Island<br>Lulin Xue*, Roy Rasmussen, Kyoko Ikeda, Martyn Clark<br><em>National Center for Atmospheric Research, USA<\/em><\/td><\/tr><tr><td>P9.7 Evaluating cloud processes in HadGEM-UKCA in preparation for CLARIFY<br>Nick Schutgens*, Duncan Watson-Parris, Zak Kipling, Philip Stier<br><em>University of Oxford, UK<\/em><\/td><\/tr><tr><td>P9.8 Convective invigoration in Indian monsoon a possibility ?<br>Thara Prabha*<sup>1<\/sup>, Gayatri Kulkarni<sup>1<\/sup>, Sachin Patade<sup>1<\/sup>, Neelam Malap<sup>1<\/sup>, Mahen Konwar<sup>1<\/sup>, Murugavel P<sup>1<\/sup>, Sathi Nair<sup>1<\/sup>, Duncan Axisa<sup>2<\/sup>, Alexander Khain<sup>3<\/sup><br><em><sup>1<\/sup><\/em><em>Indian Institute of Tropical Meteorology, India, <sup>2<\/sup>National Center for Atmospheric Research, USA, <sup>3<\/sup>HUJI, Israel<\/em><\/td><\/tr><tr><td>P9.9 Simulation of tropical cyclones response to aerosol type<br>I-Chun Tsai*<sup>1<\/sup>, Jen-Ping Chen<sup>2<\/sup>, Chih-Yao Yang<sup>2<\/sup><br><em><sup>1<\/sup><\/em><em>Research Center for Environmental Changes, Academia Sinica, Taiwan, <sup>2<\/sup>Department of Atmospheric Sciences, National Taiwan University, Taiwan<\/em><\/td><\/tr><tr><td>P9.10 Physical basis for Cloud droplet spectral broadening in the downdraft zones<br>Mahen Konwar, Bipin Kumar, Sudarsan Bera, T. V. Prabha*<br><em>Indian Institute of Tropical Meteorology, India<\/em><\/td><\/tr><tr><td>P9.11 The use of IAGOS BCP observations to evaluate satellite products developed for detecting areas of high ice water content.<br>Elisabeth \u00d6str\u00f6m*<sup>1<\/sup>, Steven J. Abel<sup>1<\/sup>, Lorenzo Labrador<sup>1<\/sup>, Peter N. Francis<sup>1<\/sup>, Karl Beswick<sup>2<\/sup>, Martin W. Gallagher<sup>2<\/sup><br><em><sup>1<\/sup><\/em><em>Met Office, UK, <sup>2<\/sup>University of Manchester, UK<\/em><\/td><\/tr><tr><td>P9.12 Variations of Ice Microphysical Properties in Tropical MCS Using Cloud In-Situ Data and Corresponding Radar Reflectivity Profiles<br>Emmanue Fontaine*<sup>1<\/sup>, Delphine Leroy<sup>1<\/sup>, Alfons Schwarzenboeck<sup>1<\/sup>, Pierre Coutris<sup>1<\/sup>, Julien Delano\u00eb<sup>2<\/sup>, Alain Protat<sup>3<\/sup>, Fabien Dezitter<sup>4<\/sup>, Alice Calmels<sup>4<\/sup>, Walter Strapp<sup>5<\/sup>, Lyle Lilie<sup>8<\/sup>, Pattrick Minnis<sup>6<\/sup>, Christopher Yost<sup>7<\/sup><br><em><sup>1<\/sup><\/em><em>UBP \/ CNRS \/ LaMP, France, <sup>2<\/sup>UVSQ \/ CNRS \/ LATMOS, France, <sup>3<\/sup>CAWC \/ BOM, France, <sup>4<\/sup>AIRBUS, France, <sup>5<\/sup>Met Analytics, Canada, <sup>6<\/sup>NASA Langley Research Center, USA, <sup>7<\/sup>Science Systems and Applications, USA, <sup>8<\/sup>Science Engineering Associates, USA<\/em><\/td><\/tr><tr><td>P9.13 Analysis of high-resolution cloud-precipitation distribution over Tibetan Plateteau<br>Jinli LIU*, Ling WANG, Daren LU, Yongheng BI<br><em>Institute of Atmospheric Physics,CAS, China<\/em><\/td><\/tr><tr><td>P9.14 High-resolution simulations of aerosol impacts and ice-phase microphysics in convective clouds over the Amazon<br>Max Heikenfeld*, Bethan White, Natalie Weigum, Laurent Labbouz, Philip Stier<br><em>Atmospheric, Oceanic and Planetary Physics, Department of Physics, University of Oxford, UK<\/em><\/td><\/tr><tr><td>P9.15 Real case studies of the formation of cirrus clouds in the tropical tropopause layer with a mesoscale model<br>Aur\u00e9lien Podglajen<br><em>Laboratoire de Meteorologie Dynamique, France<\/em><\/td><\/tr><tr><td>P9.16 Cloud Aerosol Interactions in Southern West African Stratocumulus<br>Phil Rosenberg*<sup>1<\/sup>, John Marsham<sup>1<\/sup>, Paul Field<sup>2,1<\/sup>, Adrian Hill<sup>1<\/sup><br><em><sup>1<\/sup><\/em><em>University of Leeds, UK, <sup>2<\/sup>Met Office, UK<\/em><\/td><\/tr><tr><td>P9.17 Raindrop spectra observations in a coastal region of eastern Mexico<br>Fernando Garc\u00eda-Garc\u00eda*, Guillermo Montero-Mart\u00ednez, Omar Rivas-Hern\u00e1ndez<br><em>Centro de Ciencias de la Atm\u00f3sfera, Universidad Nacional Aut\u00f3noma de M\u00e9xico, Mexico<\/em><\/td><\/tr><tr><td>P9.18 An ensemble approach using an optimization method to weighting convective parameterizations of the regional model BRAMS<br>Ariane Frassoni*<sup>1<\/sup>, Saulo R. Freitas<sup>1<\/sup>, Eduardo F. P. da Luz<sup>3<\/sup>, Haroldo F. de Campos Velho<sup>2<\/sup>, Manoel A. Gan<sup>1<\/sup>, Jo\u00e3o Gerd Z. de Mattos<sup>1<\/sup>, Georg A. Grell<sup>4<\/sup><br><em><sup>1<\/sup><\/em><em>National Institute for Space Research, Center for Weather Forecasting and Climate Studies, Brazil, <sup>2<\/sup>Laboratory for Computing and Applied Mathematics, National Institute for Space Research, Brazil, <sup>3<\/sup>Brazilian National Centre for Monitoring and Early Warning of Natural Disasters, Brazil, <sup>4<\/sup>National Oceanic and Atmospheric Administration, USA<\/em><\/td><\/tr><tr><td>P9.19 Seasonal aspects of cloud radiative heating in the upper troposphere lower stratosphere in the tropics<br>Erik Johansson*<sup>1,2<\/sup>, Abhay Devasthale<sup>1<\/sup>, Tristan L\u2019Ecuyer<sup>4<\/sup>, Annica M. L. Ekman<sup>2,3<\/sup>, Michael Tjernstr\u00f6m<sup>2,3<\/sup><br><em><sup>1<\/sup><\/em><em>Atmospheric Remote Sensing, Research and development department, Swedish Meteorological and Hydrological Institute (SMHI), Sweden, <sup>2<\/sup>Department of Meteorology, Stockholm University (MISU), Sweden, <sup>3<\/sup>Bolin Center for Climate Research, Stockholm University, Sweden, <sup>4<\/sup>Department of Atmospheric and Oceanic Sciences, University of Wisconsin-Madison, USA<\/em><\/td><\/tr><tr><td>P9.20 Scanning Polarimetric Doppler Cloud Radar capability in characterizing the Tropical Clouds<br>Madhu Chandra R KALAPUREDDY*<sup>1<\/sup>, Sukanya Patra<sup>1<\/sup>, Soumojit Bose<sup>1,2<\/sup><br><em><sup>1<\/sup><\/em><em>Indian Institute of Tropical Meteorology (IITM), India, <sup>2<\/sup>Birla Institute of Technology(BIT), India<\/em><\/td><\/tr><tr><td>P9.22 Numerical Simulation of Convective Cold Pools Observed during the DYNAMO Field Campaign<br>Adam Kochanski, Steven Krueger*<br><em>University of Utah, USA<\/em><\/td><\/tr><tr><td>P9.23 Aerosol cloud interaction in the West coast of India and Arabian sea during the drought year of 2015<br>Thara Prabha*<sup>1<\/sup>, Mahen Konwar<sup>1<\/sup>, Mercy Varghese<sup>1<\/sup>, Murugavel P<sup>1<\/sup>, Gayatri Kulkarni<sup>1<\/sup>, Sathi Nair<sup>1<\/sup>, Sachin Patade<sup>1<\/sup>, Yogesh Tiwari<sup>1<\/sup>, Balaji B<sup>1<\/sup>, Resmi E. A<sup>1<\/sup>, Subharthi Chowdhuri<sup>1<\/sup>, Aswin T<sup>3<\/sup>, Jayarao K<sup>1<\/sup>, Nandakumar K<sup>3<\/sup>, Safai P. D.<sup>1<\/sup>, Rajeevan M<sup>2<\/sup><br><em><sup>1<\/sup><\/em><em>Indian Institute of Tropical Meteorology, India, <sup>2<\/sup>Ministry of Earth Sciences, India, <sup>3<\/sup>M. G. University, India<\/em><\/td><\/tr><\/tbody><\/table><\/figure>\n","protected":false},"excerpt":{"rendered":"<p>Oral session: S9.1 Understanding Tropical Cloud Feedback from an Analysis of the Circulation and Stability Regimes Simulated from an Upgraded Multiscale Modeling FrameworkKuan-Man Xu*1, Anning Cheng21NASA Langley Research Center, USA, 2NOAA Center for Weather and Climate Prediction (NCWCP), USA(video; position 0:00) S9.2 HAIC\/HIWC field project: ice crystal mass-size relationship in high ice water content cloud [&hellip;]<\/p>\n","protected":false},"author":9,"featured_media":0,"parent":0,"menu_order":0,"comment_status":"closed","ping_status":"closed","template":"","meta":{"ngg_post_thumbnail":0,"cybocfi_hide_featured_image":"","footnotes":""},"class_list":["post-626","page","type-page","status-publish","hentry"],"post_mailing_queue_ids":[],"_links":{"self":[{"href":"https:\/\/www.iamas.org\/iccp\/wp-json\/wp\/v2\/pages\/626","targetHints":{"allow":["GET"]}}],"collection":[{"href":"https:\/\/www.iamas.org\/iccp\/wp-json\/wp\/v2\/pages"}],"about":[{"href":"https:\/\/www.iamas.org\/iccp\/wp-json\/wp\/v2\/types\/page"}],"author":[{"embeddable":true,"href":"https:\/\/www.iamas.org\/iccp\/wp-json\/wp\/v2\/users\/9"}],"replies":[{"embeddable":true,"href":"https:\/\/www.iamas.org\/iccp\/wp-json\/wp\/v2\/comments?post=626"}],"version-history":[{"count":5,"href":"https:\/\/www.iamas.org\/iccp\/wp-json\/wp\/v2\/pages\/626\/revisions"}],"predecessor-version":[{"id":741,"href":"https:\/\/www.iamas.org\/iccp\/wp-json\/wp\/v2\/pages\/626\/revisions\/741"}],"wp:attachment":[{"href":"https:\/\/www.iamas.org\/iccp\/wp-json\/wp\/v2\/media?parent=626"}],"curies":[{"name":"wp","href":"https:\/\/api.w.org\/{rel}","templated":true}]}}