{"id":630,"date":"2021-07-17T11:27:06","date_gmt":"2021-07-17T10:27:06","guid":{"rendered":"https:\/\/www.iamas.org\/iccp\/?page_id=630"},"modified":"2021-07-24T15:32:56","modified_gmt":"2021-07-24T14:32:56","slug":"session-12-aerosol-cloud-precipitation-interactions-and-processing","status":"publish","type":"page","link":"https:\/\/www.iamas.org\/iccp\/session-12-aerosol-cloud-precipitation-interactions-and-processing\/","title":{"rendered":"Session 12 &#8211; Aerosol-cloud-precipitation-interactions and processing"},"content":{"rendered":"\n<p><strong>Oral session:<\/strong><\/p>\n\n\n\n<figure class=\"wp-block-table is-style-stripes\"><table><tbody><tr><td>S12.1 On impacts of solar-absorbing aerosol on the transition of stratocumulus to trade cumulus clouds<br>Andrew Ackerman*<sup>1<\/sup>, Xiaoli Zhou<sup>2<\/sup>, Ann Fridlind<sup>1<\/sup>, Robert Wood<sup>3<\/sup>, Pavlos Kollias<sup>2,4<\/sup><br><em><sup>1<\/sup>NASA Goddard Institute for Space Studies, USA, <sup>2<\/sup>McGill University, Canada, <sup>3<\/sup>University of Washington, USA, <sup>4<\/sup>Stony Brook University, USA<\/em> <a href=\"https:\/\/www.iamas.org\/iccp\/session12_part1a\/\" data-type=\"URL\" data-id=\"https:\/\/www.iamas.org\/iccp\/session12_part1a\/\" target=\"_blank\" rel=\"noreferrer noopener\">(video position 0:00)<\/a><\/td><\/tr><tr><td>S12.2 Understanding aerosol-cloud interactions in Arctic mixed-phase clouds<br>Gijs de Boer*<sup>1,2<\/sup>, Matthew Shupe<sup>1,2<\/sup>, Timothy Garrett<sup>3<\/sup>, David Turner<sup>4<\/sup>, Chuanfeng Zhao<sup>5<\/sup><br><em><sup>1<\/sup>University of Colorado, USA, <sup>2<\/sup>NOAA Earth System Research Laboratory, USA, <sup>3<\/sup>University of Utah, USA, <sup>4<\/sup>NOAA Severe Storms Laboratory, USA, <sup>5<\/sup>Beijing Normal University, China<\/em> <a href=\"https:\/\/www.iamas.org\/iccp\/session12_part1a\/\" data-type=\"URL\" data-id=\"https:\/\/www.iamas.org\/iccp\/session12_part1a\/\" target=\"_blank\" rel=\"noreferrer noopener\">(video position 15:30)<\/a><\/td><\/tr><tr><td>S12.3 Cloud processing effects on CCN and cloud microphysics<br>James Hudson*, Stephen Noble<br><em>Desert Research Institute, USA<\/em> <a href=\"https:\/\/www.iamas.org\/iccp\/session12_part1b\/\" data-type=\"URL\" data-id=\"https:\/\/www.iamas.org\/iccp\/session12_part1b\/\" target=\"_blank\" rel=\"noreferrer noopener\">(video position 0:00)<\/a><\/td><\/tr><tr><td>S12.4 The impact of aerosol particles on cloud formation and precipitation: a numerical study based on the HyMeX IOP7a case<br>Christina Kagkara*<sup>1<\/sup>, Andrea I. Flossmann<sup>1,2<\/sup>, Wolfram Wobrock<sup>1,2<\/sup>, Celine Planche<sup>1,2<\/sup><br><em><sup>1<\/sup>LaMP\/UBP, France, <sup>2<\/sup>INSU\/CNRS, France<\/em> <a href=\"https:\/\/www.iamas.org\/iccp\/session12_part1b\/\" data-type=\"URL\" data-id=\"https:\/\/www.iamas.org\/iccp\/session12_part1b\/\" target=\"_blank\" rel=\"noreferrer noopener\">(video position 14:00)<\/a><\/td><\/tr><tr><td>S12.5 A Path to Constraining the Aerosol-Cloud Radiative Effect<br>Graham Feingold*<sup>1<\/sup>, Takanobu Yamaguchi<sup>2,1<\/sup>, Jan Kazil<sup>2,1<\/sup>, Allison McComiskey<sup>1<\/sup>, Elisa Sena<sup>3<\/sup><br><em><sup>1<\/sup>NOAA Earth System Research Laboratory, USA, <sup>2<\/sup>CIRES\/University of Colorado, USA, <sup>3<\/sup>University of Sao Paulo, Brazil<\/em> <a href=\"https:\/\/www.iamas.org\/iccp\/session12_part1b\/\" data-type=\"URL\" data-id=\"https:\/\/www.iamas.org\/iccp\/session12_part1b\/\" target=\"_blank\" rel=\"noreferrer noopener\">(video position 27:00)<\/a><\/td><\/tr><\/tbody><\/table><\/figure>\n\n\n\n<figure class=\"wp-block-table is-style-stripes\"><table><tbody><tr><td>S12.6 Microphysical and Dynamical Factors Controlling the Precipitation Efficiency Response to Changes in Aerosol Loading<br>Zachary Lebo*<sup>1<\/sup>, Graham Feingold<sup>2<\/sup><br><em><sup>1<\/sup>University of Wyoming, USA, <sup>2<\/sup>NOAA &#8211; ESRL\/CSD, USA<\/em> <a href=\"https:\/\/www.iamas.org\/iccp\/session12_part1c\/\" data-type=\"URL\" data-id=\"https:\/\/www.iamas.org\/iccp\/session12_part1c\/\" target=\"_blank\" rel=\"noreferrer noopener\">(video position 0:00)<\/a><\/td><\/tr><tr><td>S12.7 3D numerical simulation of orographic cloud seeding using a bin microphysics scheme<br>Istv\u00e1n Geresdi*<sup>1<\/sup>, Lulin Xue<sup>2<\/sup>, Roy Rasmussen<sup>2<\/sup>, No\u00e9mi Sarkadi<sup>1<\/sup><br><em><sup>1<\/sup>University of P\u00e9cs, Hungary, <sup>2<\/sup>National Center for Atmospheric Research, USA<\/em> <a href=\"https:\/\/www.iamas.org\/iccp\/session12_part1c\/\" data-type=\"URL\" data-id=\"https:\/\/www.iamas.org\/iccp\/session12_part1c\/\" target=\"_blank\" rel=\"noreferrer noopener\">(video; position 15:50)<\/a><\/td><\/tr><tr><td>S12.8 Do soil dust particles from semi-arid areas enhance the influence of dust on clouds?<br>Matthias Hummel*, Jon Egill Kristjansson<br><em>University of Oslo, Norway<\/em> <a href=\"https:\/\/www.iamas.org\/iccp\/session12_part1d\/\" target=\"_blank\" rel=\"noreferrer noopener\">(video position 0:00)<\/a><\/td><\/tr><tr><td>S12.9 Influence of ice nuclei on precipitation in deep convective clouds<br>Marco Paukert*<sup>1<\/sup>, Corinna Hoose<sup>2<\/sup><br><em><sup>1<\/sup>Karlsruhe Institute of Technology (KIT), IMK-AAF, Germany, <sup>2<\/sup>Karlsruhe Institute of Technology (KIT), IMK-TRO, Germany<\/em> <a href=\"https:\/\/www.iamas.org\/iccp\/session12_part1d\/\" data-type=\"URL\" data-id=\"https:\/\/www.iamas.org\/iccp\/session12_part1d\/\" target=\"_blank\" rel=\"noreferrer noopener\">(video; position 17:17)<\/a><\/td><\/tr><tr><td>S12.10 Inclusion of forest fire smoke in WRF-CHEM simulations and its impact on deep convective clouds: A DC3 case study<br>Azusa Takeishi*, Trude Storelvmo<br><em>Yale University, USA<\/em> <a href=\"https:\/\/www.iamas.org\/iccp\/session12_part1e\/\" data-type=\"URL\" data-id=\"https:\/\/www.iamas.org\/iccp\/session12_part1e\/\" target=\"_blank\" rel=\"noreferrer noopener\">(video; position 0:00)<\/a><\/td><\/tr><tr><td>S12.11 Separating dynamical and microphysical impacts of aerosols on deep convection applying piggybacking methodology<br>Wojciech W. Grabowski<br><em>NCAR, USA<\/em> <a href=\"https:\/\/www.iamas.org\/iccp\/session12_part1e\/\" data-type=\"URL\" data-id=\"https:\/\/www.iamas.org\/iccp\/session12_part1e\/\" target=\"_blank\" rel=\"noreferrer noopener\">(video; position 19:10)<\/a><\/td><\/tr><\/tbody><\/table><\/figure>\n\n\n\n<p><strong>Poster session:<\/strong><\/p>\n\n\n\n<figure class=\"wp-block-table is-style-stripes\"><table><tbody><tr><td>P12.1 Characteristics of recent severe haze events in Korea and possible inadvertent weather modification<br>Seung-Hee Eun*<sup>1<\/sup>, Byung Gon Kim<sup>1<\/sup>, Kyu-Min Lee<sup>1<\/sup>, Jin-Soo Park<sup>2<\/sup><br><em><sup>1<\/sup><\/em><em>Gangneung-Wonju National University, Republic of Korea, <sup>2<\/sup>National Institute of Environmental Research, Republic of Korea<\/em><\/td><\/tr><tr><td>P12.2 Numerical Simulation of Dust\u2212Cloud Interactions Using a Regional Model<br>Yi-Chiu Lin*<sup>1<\/sup>, Jen-Ping Chen<sup>2<\/sup><br><em><sup>1<\/sup><\/em><em>Taiwan Typhoon and Flood Research Institute, National Applied Research Laboratories, Taiwan, <sup>2<\/sup>Department of Atmospheric Sciences, National Taiwan University, Taiwan<\/em><\/td><\/tr><tr><td>P12.3 From invigoration to suppression \u2013 the aerosol effect on warm convective clouds<br>Guy Dagan*, Ilan Koren, Orit Altaratz, Reuven H. Heiblum<br><em>1Department of Earth and Planetary SWeizmann Institute of Science, Israel<\/em><\/td><\/tr><tr><td>P12.4 Ice in Clouds Experiment &#8211; Dust (ICE-D): In-situ aircraft measurements of cloud evolution<br>Richard Cotton<br><em>Met Office, UK<\/em><\/td><\/tr><tr><td>P12.5 Marine Boundary Layer Aerosol Variability: a Budget Approach<br>Johannes Mohrmann*, Robert Wood<br><em>University of Washington, USA<\/em><\/td><\/tr><tr><td>P12.6 Model simulations with COSMO-SPECS: New parameterizations of heterogeneous freezing modes<br>Karoline Diehl*<sup>1<\/sup>, Verena Gr\u00fctzun<sup>3<\/sup>, Jens Stoll<sup>2<\/sup>, Martin Simmel<sup>2<\/sup>, Oswald Knoth<sup>2<\/sup>, Ralf Wolke<sup>2<\/sup><br><em><sup>1<\/sup><\/em><em>Institute of Atmospheric Physics, University, Germany, <sup>2<\/sup>Leibniz Institute for Tropospheric Research, Germany, <sup>3<\/sup>Meteorological Institute, University, Germany<\/em><\/td><\/tr><tr><td>P12.7 LACIS-T &#8211; A wind tunnel for investigating the Interactions between Cloud Microphysics and Turbulence<br>Jens Voigtl\u00e4nder*<sup>1<\/sup>, Dennis Niedermeier<sup>1<\/sup>, Holger Siebert<sup>1<\/sup>, J\u00f6rg Schumacher<sup>2<\/sup>, Raymond A. Shaw<sup>3<\/sup>, Frank Stratmann<sup>1<\/sup><br><em><sup>1<\/sup><\/em><em>Leibniz Institute for Tropospheric Research (TROPOS), Germany, <sup>2<\/sup>Ilmenau University of Technology, Germany, <sup>3<\/sup>Michigan Technological University, USA<\/em><\/td><\/tr><tr><td>P12.8 Impacts of Aerosols Microphysics on Aerosol- Cloud-Interaction in a series of heavy haze-fog events<br>Chunhong Zhou<br><em>Institute of Atmospheric Composition, Chinese Academy of Meteorological Sciences,, China<\/em><\/td><\/tr><tr><td>P12.9 Spatial and temporal variations in aerosol properties in convection-permitting simulations in an idealised tropical marine domain<br>Celine Planche*<sup>1,2<\/sup>, Graham Mann<sup>2,3<\/sup>, Mohit Dalvi<sup>4<\/sup>, Kenneth Carslaw<sup>2<\/sup>, Paul Field<sup>4<\/sup>, John Marsham<sup>0<\/sup><br><em><sup>1<\/sup><\/em><em>Universit\u00e9 Clermont Auvergne, Laboratoire de M\u00e9t\u00e9orologie Physique, CNRS, INSU, UMR 6016, France, <sup>2<\/sup>School of Earth and Environment, ICAS, University of Leeds, UK, <sup>3<\/sup>National Centre for Atmospheric Sciences, School of Earth and Environment, University of Leeds, UK, <sup>4<\/sup>Met Office, UK<\/em><\/td><\/tr><tr><td>P12.10 In-cloud measurements highlighting the role of chemical composition in cloud droplet activation<br>Olli V\u00e4is\u00e4nen*<sup>1<\/sup>, Arttu Ylisirni\u00f6<sup>1<\/sup>, Pasi Miettinen<sup>1<\/sup>, Liqing Hao<sup>1<\/sup>, Harri Portin<sup>2<\/sup>, Antti Ruuskanen<sup>2<\/sup>, Sami Romakkaniemi<sup>2<\/sup>, Kari Lehtinen<sup>1,2<\/sup>, Annele Virtanen<sup>1<\/sup><br><em><sup>1<\/sup><\/em><em>University of Eastern Finland, Finland, <sup>2<\/sup>Finnish Meteorological Institute, Finland<\/em><\/td><\/tr><tr><td>P12.11 Investigating the influence of water diffusion through aerosol particles on ice nucleation<br>Kathryn Fowler*, Paul Connolly, David Topping<br><em>The University of Manchester, UK<\/em><\/td><\/tr><tr><td>P12.12 GIANT AEROSOLS OBSERVATIONS AND EFFECTS<br>Pilar Gum\u00e0-Claramunt, Fabio Madonna*, Aldo Amodeo, Gelsomina Pappalardo<br><em>Istituto di Metodologie per l&#8217;Analisi Ambientale Consiglio Nazionale delle Ricerche CNR-IMAA, Italy<\/em><\/td><\/tr><tr><td>P12.13 CEMBAI: Climate in Eastern Mediterranean Basin &#8211; Aerosol Impacts &#8211; presentation of the project<br>Marie Monier*<sup>1<\/sup>, Fran\u00e7ois Dulac<sup>3<\/sup>, Marc Mallet<sup>2<\/sup>, Karine Sellegri<sup>1<\/sup>, Jean Sciare<sup>5<\/sup>, Guillaume Penide<sup>7<\/sup>, Fabien Solmon<sup>6<\/sup>, Karine Desboeufs<sup>4<\/sup><br><em><sup>1<\/sup><\/em><em>LaMP, CNRS\/UBP, France, <sup>2<\/sup>LA, CNRS, France, <sup>3<\/sup>LSCE, CNRS\/CEA, France, <sup>4<\/sup>LISA, CNRS\/UPD, France, <sup>5<\/sup>Cyprus Institute, Cyprus, <sup>6<\/sup>ICTP, Italy, <sup>7<\/sup>LOA, CNRS\/Lille3, France<\/em><\/td><\/tr><tr><td>P12.14 SCAVENGING OF AEROSOL PARTICLES BY RAIN IN LEON (SPAIN)<br>Carlos Blanco-Alegre<sup>1<\/sup>, Amaya Castro<sup>1<\/sup>, Ana I Calvo<sup>1<\/sup>, Elisabeth Alonso-Blanco<sup>2<\/sup>, Delia Fernandez-Gonzalez<sup>3,4<\/sup>, Rosa M Valencia-Barrera<sup>3<\/sup>, Ana M Vega-Maray<sup>3<\/sup>, Santiago de Castro-Alfageme<sup>3<\/sup>, Roberto Fraile*<sup>1<\/sup><br><em><sup>1<\/sup><\/em><em>University of Le\u00f3n. Department of Physics, IMARENAB, Spain, <sup>2<\/sup>Centre for Energy, Environment and Technology Research (CIEMAT), Spain, <sup>3<\/sup>University of Le\u00f3n. Biodiversity and Environmental Management, Spain, <sup>4<\/sup>Institute of Atmospheric Sciences and Climate, Italian National Research Country, Italy<\/em><\/td><\/tr><tr><td>P12.15 The Cloud System Evolution in the Trades (CSET) Study-A Showcase for Aerosol-Cloud-Precipitation Interactions<br>Bruce Albrecht<sup>1<\/sup>, Paquita Zuidema<sup>1<\/sup>, Chris Bretherton<sup>2<\/sup>, Robert Wood*<sup>2<\/sup>, Virendra Ghate<sup>3<\/sup><br><em><sup>1<\/sup><\/em><em>University of Miami, USA, <sup>2<\/sup>University of Washington, USA, <sup>3<\/sup>Argonne National Lab, USA<\/em><\/td><\/tr><tr><td>P12.16 Impacts of aerosol particle episodes on cloud physical properties and precipitation<br>Christina Kagkara*<sup>1,3<\/sup>, Nikolaos Hatzianastassiou<sup>3<\/sup>, Andrea I. Flossmann<sup>1,2<\/sup><br><em><sup>1<\/sup><\/em><em>LaMP\/UBP, France, <sup>2<\/sup>INSU\/CNRS, France, <sup>3<\/sup>Laboratory of Meteorology\/University of Ioannina, Greece<\/em><\/td><\/tr><tr><td>P12.17 Analysis of Remote and Combustion Aerosol over the South East Pacific and its Links to Stratocumulus Cloud Droplet Size Distribution<br>Steffen Freitag*<sup>1<\/sup>, Antony D Clarke<sup>1<\/sup>, Steven G Howell<sup>1<\/sup>, Jefferson R Snider<sup>2<\/sup>, Cameron S McNaughton<sup>1<\/sup>, Lindsey M Shank<sup>1<\/sup>, Vladimir N Kapustin<sup>1<\/sup>, Vera L Brekhovskikh<sup>1<\/sup>, Jean-Louis Brenguier<sup>1<\/sup><br><em><sup>1<\/sup><\/em><em>University of Hawaii at Manoa, USA, <sup>2<\/sup>University of Wyoming, USA<\/em><\/td><\/tr><\/tbody><\/table><\/figure>\n","protected":false},"excerpt":{"rendered":"<p>Oral session: S12.1 On impacts of solar-absorbing aerosol on the transition of stratocumulus to trade cumulus cloudsAndrew Ackerman*1, Xiaoli Zhou2, Ann Fridlind1, Robert Wood3, Pavlos Kollias2,41NASA Goddard Institute for Space Studies, USA, 2McGill University, Canada, 3University of Washington, USA, 4Stony Brook University, USA (video position 0:00) S12.2 Understanding aerosol-cloud interactions in Arctic mixed-phase cloudsGijs de [&hellip;]<\/p>\n","protected":false},"author":9,"featured_media":0,"parent":0,"menu_order":0,"comment_status":"closed","ping_status":"closed","template":"","meta":{"ngg_post_thumbnail":0,"cybocfi_hide_featured_image":"","footnotes":""},"class_list":["post-630","page","type-page","status-publish","hentry"],"post_mailing_queue_ids":[],"_links":{"self":[{"href":"https:\/\/www.iamas.org\/iccp\/wp-json\/wp\/v2\/pages\/630","targetHints":{"allow":["GET"]}}],"collection":[{"href":"https:\/\/www.iamas.org\/iccp\/wp-json\/wp\/v2\/pages"}],"about":[{"href":"https:\/\/www.iamas.org\/iccp\/wp-json\/wp\/v2\/types\/page"}],"author":[{"embeddable":true,"href":"https:\/\/www.iamas.org\/iccp\/wp-json\/wp\/v2\/users\/9"}],"replies":[{"embeddable":true,"href":"https:\/\/www.iamas.org\/iccp\/wp-json\/wp\/v2\/comments?post=630"}],"version-history":[{"count":3,"href":"https:\/\/www.iamas.org\/iccp\/wp-json\/wp\/v2\/pages\/630\/revisions"}],"predecessor-version":[{"id":714,"href":"https:\/\/www.iamas.org\/iccp\/wp-json\/wp\/v2\/pages\/630\/revisions\/714"}],"wp:attachment":[{"href":"https:\/\/www.iamas.org\/iccp\/wp-json\/wp\/v2\/media?parent=630"}],"curies":[{"name":"wp","href":"https:\/\/api.w.org\/{rel}","templated":true}]}}