{"id":632,"date":"2021-07-17T11:34:35","date_gmt":"2021-07-17T10:34:35","guid":{"rendered":"https:\/\/www.iamas.org\/iccp\/?page_id=632"},"modified":"2021-07-24T17:06:55","modified_gmt":"2021-07-24T16:06:55","slug":"session-13-clouds-and-climate-including-radiative-properties-of-clouds","status":"publish","type":"page","link":"https:\/\/www.iamas.org\/iccp\/session-13-clouds-and-climate-including-radiative-properties-of-clouds\/","title":{"rendered":"Session 13 &#8211; Clouds and climate (including radiative properties of clouds)"},"content":{"rendered":"\n<p><strong>Oral session:<\/strong><\/p>\n\n\n\n<figure class=\"wp-block-table is-style-stripes\"><table><tbody><tr><td>S13.1 On the Representation of Cloud Phase in Global Climate Models, and its Importance for Simulations of Climate Forcings and Feedbacks<br>Trude Storelvmo*, Navjit Sagoo, Ivy Tan<br><em>Yale University, USA<\/em> <a href=\"https:\/\/www.iamas.org\/iccp\/session13_part1a\/\" data-type=\"URL\" data-id=\"https:\/\/www.iamas.org\/iccp\/session13_part1a\/\" target=\"_blank\" rel=\"noreferrer noopener\">(video; position 0:00)<\/a><\/td><\/tr><tr><td>S13.2 The dehydration-Greenhouse Feedback<br>Eric Girard*, Jean-Pierre Blanchet, Setigui Keita, Ana Cirisan, Ludovick Pelletier<br><em>University of Quebec at Montreal, Canada<\/em> <a href=\"https:\/\/www.iamas.org\/iccp\/session13_part1a\/\" data-type=\"URL\" data-id=\"https:\/\/www.iamas.org\/iccp\/session13_part1a\/\" target=\"_blank\" rel=\"noreferrer noopener\">(video; position 18:00)<\/a><\/td><\/tr><tr><td>S13.3 Regime dependence of precipitating cloud impact parameters<br>Anita Rapp*<sup>1<\/sup>, Lu Sun<sup>1<\/sup>, Tristan L&#8217;Ecuyer<sup>2<\/sup><br><em><sup>1<\/sup>Texas A&amp;M University, USA, <sup>2<\/sup>University of Wisconsin-Madison, USA<\/em><a href=\"https:\/\/www.iamas.org\/iccp\/session13_part1b\/\" data-type=\"URL\" data-id=\"https:\/\/www.iamas.org\/iccp\/session13_part1b\/\" target=\"_blank\" rel=\"noreferrer noopener\"> (video; position 0:00)<\/a><\/td><\/tr><tr><td>S13.4 How well do GCMs simulate transitions between closed and open marine stratocumulus clouds?<br>Tom Goren*, Johannes Quaas<br><em>University of Leipzig, Leipzig Institute for Meteorology, Germany<\/em> <a href=\"https:\/\/www.iamas.org\/iccp\/session13_part1b\/\" data-type=\"URL\" data-id=\"https:\/\/www.iamas.org\/iccp\/session13_part1b\/\" target=\"_blank\" rel=\"noreferrer noopener\">(video; position 17:00)<\/a><\/td><\/tr><tr><td>S13.5 Exploring the representation of humidity variability by an assumed probability density function scheme<br>Vera Schemann<br><em>University of Cologne, Germany<\/em> <a href=\"https:\/\/www.iamas.org\/iccp\/session13_part1c\/\" target=\"_blank\" rel=\"noreferrer noopener\">(video; position 0:00)<\/a><\/td><\/tr><tr><td>S13.6 Cloud Retrievals for Climate and Weather Using Combinations of Geostationary and Polar-Orbiting Satellite Imager Data<br>Patrick Minnis<sup>1<\/sup>, Szedung Sun-Mack<sup>2<\/sup>, Kristopher Bedka<sup>1<\/sup>, Rabindra Palikonda*<sup>2<\/sup>, William Smith, Jr.<sup>1<\/sup>, Christopher Yost<sup>2<\/sup>, Yan Chen<sup>2<\/sup>, Thad Chee<sup>2<\/sup><br><em><sup>1<\/sup>NASA Langley Research Center, USA, <sup>2<\/sup>Science Systems and Applications, Inc., USA<\/em> <a href=\"https:\/\/www.iamas.org\/iccp\/session13_part1d\/\" data-type=\"URL\" data-id=\"https:\/\/www.iamas.org\/iccp\/session13_part1d\/\" target=\"_blank\" rel=\"noreferrer noopener\">(video; position 0:00)<\/a><\/td><\/tr><\/tbody><\/table><\/figure>\n\n\n\n<figure class=\"wp-block-table is-style-stripes\"><table><tbody><tr><td>S13.7 A Multi-Instrument Satellite View of the Global Three-Dimensional Distribution of Cloud Liquid Water<br>Jussi Leinonen*, Matthew Lebsock, Graeme Stephens<br><em>Jet Propulsion Laboratory, California Institute of Technology, USA<\/em> <a href=\"https:\/\/www.iamas.org\/iccp\/session13_part1e\/\" data-type=\"URL\" data-id=\"https:\/\/www.iamas.org\/iccp\/session13_part1e\/\" target=\"_blank\" rel=\"noreferrer noopener\">(video; position 0:00)<\/a><\/td><\/tr><tr><td>S13.8 The missed marine warm clouds by the Cloud Profiling Radar and its impact on the accuracy of cloud microphysical property statistics<br>Dongyang Liu*, Qi Liu, Lingli Zhou<br><em>School of Earth and Space Sciences, University of Science and Technology of China, China<\/em> <a href=\"https:\/\/www.iamas.org\/iccp\/session13_part1e\/\" data-type=\"URL\" data-id=\"https:\/\/www.iamas.org\/iccp\/session13_part1e\/\" target=\"_blank\" rel=\"noreferrer noopener\">(video; position 17:00)<\/a><\/td><\/tr><tr><td>S13.9 Cloud-aerosol interactions and precipitation scavenging in the Accelerated Climate Model for Energy (ACME)<br>Hailong Wang*, Richard Easter, Kai Zhang, Balwinder Singh, Po-Lun Ma, Yun Qian, Philip Rasch<br><em>Pacific Northwest National Laboratory, USA<\/em> <a href=\"https:\/\/www.iamas.org\/iccp\/session13_part1f\/\" data-type=\"URL\" data-id=\"https:\/\/www.iamas.org\/iccp\/session13_part1f\/\" target=\"_blank\" rel=\"noreferrer noopener\">(video; position 0:00)<\/a><\/td><\/tr><tr><td>S13.10 Online comparison between droplet activation parameterisations and an embedded cloud parcel model in the GCM ECHAM-HAM<br>Daniel Partridge<br><em>Stockholm University, Sweden<\/em> <a href=\"https:\/\/www.iamas.org\/iccp\/session13_part1f\/\" data-type=\"URL\" data-id=\"https:\/\/www.iamas.org\/iccp\/session13_part1f\/\" target=\"_blank\" rel=\"noreferrer noopener\">(video position 16:00)<\/a><\/td><\/tr><tr><td>S13.11 Optimal Estimation retrieval of cloud droplet number concentration for synergistic ground-based observations<br>Daniel Merk*<sup>1<\/sup>, Hartwig Deneke<sup>1<\/sup>, Bernhard Pospichal<sup>2<\/sup><br><em><sup>1<\/sup>Leibniz-Institute for Tropospheric Research (TROPOS), Germany, <sup>2<\/sup>University Leipzig, Germany<\/em> <a href=\"https:\/\/www.iamas.org\/iccp\/session13_part1g\/\" target=\"_blank\" rel=\"noreferrer noopener\">(video; position 0:00)<\/a><\/td><\/tr><tr><td>S13.12 Sub-millimetres, a new wavelength region for retrievals of cloud ice properties<br>Patrick Eriksson*<sup>1<\/sup>, Stefan Buehler<sup>2<\/sup>, Stuart Fox<sup>3<\/sup>, Dong Wu<sup>4<\/sup><br><em><sup>1<\/sup>Chalmers University of Technology, Sweden, <sup>2<\/sup>University of Hamburg, Germany, <sup>3<\/sup>Met Office, UK, <sup>4<\/sup>Goddard Space Flight Cente, USA<\/em> (replaced by Noble, Hudson, <a rel=\"noreferrer noopener\" href=\"https:\/\/www.iamas.org\/iccp\/session13_part1g\/\" data-type=\"URL\" data-id=\"https:\/\/www.iamas.org\/iccp\/session13_part1g\/\" target=\"_blank\">P13.5<\/a> <a rel=\"noreferrer noopener\" href=\"https:\/\/www.iamas.org\/iccp\/session13_part1g\/\" data-type=\"URL\" data-id=\"https:\/\/www.iamas.org\/iccp\/session13_part1g\/\" target=\"_blank\">video; position 16:10)<\/a><\/td><\/tr><tr><td>S13.13 On the Influence of air mass history on aerosol-cloud interactions in the South-East Atlantic<br>Julia Fuchs*, Jan Cermak<br><em>Ruhr-Universit\u00e4t Bochum, Germany<\/em> <a href=\"https:\/\/www.iamas.org\/iccp\/session13_part1h\/\" data-type=\"URL\" data-id=\"https:\/\/www.iamas.org\/iccp\/session13_part1h\/\" target=\"_blank\" rel=\"noreferrer noopener\">(video; position 0:00)<\/a><\/td><\/tr><tr><td>S13.14 MARINE CLOUD BRIGHTENING [MCB] \u2013 REGIONAL APPLICATIONS<br>Alan Gadian*<sup>1<\/sup>, John Latham<sup>2,3<\/sup>, Jim Fournier<sup>5<\/sup>, Ben Parkes<sup>4<\/sup>, Peter Wad hams<sup>6<\/sup><br><em><sup>1<\/sup>NCAS, University of Leeds, UK, <sup>2<\/sup>NCAR,, USA, <sup>3<\/sup>SEAS, University of Manchester, UK, <sup>4<\/sup>L&#8217;OCEAN, University du Pierre and Marie Curie, France, <sup>5<\/sup>Planetwork, USA, <sup>6<\/sup>DAMTP, University of Cambridge, UK<\/em> <a href=\"https:\/\/www.iamas.org\/iccp\/session13_part1h\/\" data-type=\"URL\" data-id=\"https:\/\/www.iamas.org\/iccp\/session13_part1h\/\" target=\"_blank\" rel=\"noreferrer noopener\">(video position 14:00)<\/a><\/td><\/tr><tr><td>S13.15 How well can we represent the subgrid distribution of convective clouds in a climate model?<br>Laurent Labbouz*<sup>1<\/sup>, Zak Kipling<sup>1<\/sup>, Philip Stier<sup>1<\/sup>, Hugh Morrison<sup>2<\/sup>, Jason Milbrandt<sup>3<\/sup>, Alain Protat<sup>4<\/sup><br><em><sup>1<\/sup>University of Oxford, UK, <sup>2<\/sup>National Center for Atmospheric Research, USA, <sup>3<\/sup>Atmospheric Numerical Prediction Research, Environment Canada, Canada, <sup>4<\/sup>Centre for Australian Weather and Climate Research, Australia<\/em> <a href=\"https:\/\/www.iamas.org\/iccp\/session13_part2a\/\" data-type=\"URL\" data-id=\"https:\/\/www.iamas.org\/iccp\/session13_part2a\/\" target=\"_blank\" rel=\"noreferrer noopener\">(video; position 0:00)<\/a><\/td><\/tr><tr><td>S13.16 Mechanisms of convective cloud response to aerosol in a global model with a cloud field parameterisation<br>Zak Kipling*, Laurent Labbouz, Philip Stier<br><em>Department of Physics, University of Oxford, UK<\/em> <a href=\"https:\/\/www.iamas.org\/iccp\/session13_part2a\/\" data-type=\"URL\" data-id=\"https:\/\/www.iamas.org\/iccp\/session13_part2a\/\" target=\"_blank\" rel=\"noreferrer noopener\">(video; position 16:52)<\/a><\/td><\/tr><tr><td>S13.17 Predator -Prey: a viable concept for the parameterisation of convection?<br>Michael Herzog*<sup>1<\/sup>, Leif Denby<sup>1<\/sup>, Cathy Hohenegger<sup>2<\/sup><em><br><sup>1<\/sup>University of Cambridge, UK, <sup>2<\/sup>Max Planck Institute for Meteorology, Germany<\/em> <a href=\"https:\/\/www.iamas.org\/iccp\/session13_part2b\/\" data-type=\"URL\" data-id=\"https:\/\/www.iamas.org\/iccp\/session13_part2b\/\" target=\"_blank\" rel=\"noreferrer noopener\">(video; position 0:00)<\/a><\/td><\/tr><tr><td>S13.18 Evidence for Convective Invigoration from A-Train Observations<br>Johannes Muelmenstaedt*<sup>1<\/sup>, Daniel Rosenfeld<sup>2<\/sup>, Odran Sourdeval<sup>1<\/sup>, Julien Delano\u00eb<sup>3<\/sup>, Johannes Quaas<sup>1<\/sup><br><em><sup>1<\/sup>Universit\u00e4t Leipzig, Germany, <sup>2<\/sup>Hebrew University of Jerusalem, Israel, <sup>3<\/sup>LATMOS UVSQ\/CNRS\/UPMC\/IPSL, France<\/em> <a href=\"https:\/\/www.iamas.org\/iccp\/session13_part2b\/\" data-type=\"URL\" data-id=\"https:\/\/www.iamas.org\/iccp\/session13_part2b\/\" target=\"_blank\" rel=\"noreferrer noopener\">(video; position 17:00)<\/a><\/td><\/tr><tr><td>S13.19 Space-borne observations of the most extreme storms on Earth: a new perspective from theNASA-JAXA GPM mission<br>Kamil Mroz*<sup>1<\/sup>, Alessandro Battaglia<sup>1,2,<\/sup> Frederic Tridon<sup>2<\/sup>, Timothy James Lang<sup>4<\/sup>, Simone Tanelli<sup>3<\/sup><br><em><sup>1<\/sup>National Centre for Earth Observation, UK, <sup>2<\/sup>Department of Physics and Astronomy, University of Leicester, UK, <sup>3<\/sup>Jet Propulsion Laboratory, USA, <sup>4<\/sup>NASA Marshall Space Flight Center, USA<\/em><a href=\"https:\/\/www.iamas.org\/iccp\/session13_part2c\/\" data-type=\"URL\" data-id=\"https:\/\/www.iamas.org\/iccp\/session13_part2c\/\" target=\"_blank\" rel=\"noreferrer noopener\"> (video; position 0:00)<\/a><\/td><\/tr><tr><td>S13.20 Impact of the collection efficiencies in ice phase processes on clouds and climate<br>Ulrike Lohmann*, David Neubauer<br>ETH Zurich, Switzerland <a href=\"https:\/\/www.iamas.org\/iccp\/session13_part2c\/\" target=\"_blank\" rel=\"noreferrer noopener\">(video; position 15:28)<\/a><\/td><\/tr><tr><td>S13.21 Satellite observations of cloud glaciation processes<br>Edward Gryspeerdt*<sup>1<\/sup>, Odran Sourdeval<sup>1<\/sup>, Philipp K\u00fchne<sup>1<\/sup>, Julien Delano\u00eb<sup>2<\/sup>, Johannes Quaas<sup>1<\/sup><br><em><sup>1<\/sup>Universit\u00e4t Leipzig, Germany, <sup>2<\/sup>Laboratoire Atmosph\u00e8res, Milieux, Observations Spatiales\/IPSL\/UVSQ\/CNRS\/UPMC, France<\/em><a href=\"https:\/\/www.iamas.org\/iccp\/session13_part2d\/\" data-type=\"URL\" data-id=\"https:\/\/www.iamas.org\/iccp\/session13_part2d\/\" target=\"_blank\" rel=\"noreferrer noopener\"> (video position 0:00)<\/a><\/td><\/tr><tr><td>S13.22 Climatology and long-term changes in cloud cover over the ocean by using frequency distribution<br>Marina Aleksandrova*, Sergey Gulev, Konstantin Belyaev<br><em>P.P. Shirshov Institute of Oceanology RAS, Russia<\/em><a href=\"https:\/\/www.iamas.org\/iccp\/session13_part2d\/\" data-type=\"URL\" data-id=\"https:\/\/www.iamas.org\/iccp\/session13_part2d\/\" target=\"_blank\" rel=\"noreferrer noopener\"> (video; position 15:00)<\/a><\/td><\/tr><tr><td>S13.23 Measuring ice clouds at millimeter\/submillimeter wavelength \u2013how much information can we gain?<br>Verena Gr\u00fctzun*<sup>1<\/sup>, Stefan A. Buehler<sup>1<\/sup>, Manfred Brath<sup>1<\/sup>, Jana Mendrok<sup>2<\/sup>, Patrick Eriksson<sup>2<\/sup><br><em><sup>1<\/sup>University of Hamburg, Meteorological Institut, Germany, <sup>2<\/sup>Chalmers University of Technology, Earth and Space Sciences, Sweden<\/em> <a href=\"https:\/\/www.iamas.org\/iccp\/session13_part2e\/\" data-type=\"URL\" data-id=\"https:\/\/www.iamas.org\/iccp\/session13_part2e\/\" target=\"_blank\" rel=\"noreferrer noopener\">(video; position 0:00)<\/a><\/td><\/tr><tr><td>S13.24 Dependence of the Ice Water Content and Snowfall Rate on Temperature, Globally: Comparison of In-Situ Observations, Satellite Active Remote Sensing Retrievals and Global Climate Model Simulations<br>Andrew Heymsfield*<sup>1<\/sup>, Martina Kramer<sup>2<\/sup>, Norm Wood<sup>3<\/sup>, Andrew Gettelman<sup>4<\/sup>, Paul Field<sup>5<\/sup>, Guosheng Liu<sup>6<\/sup><br><em><sup>1<\/sup>NCAR, USA, <sup>2<\/sup>Forschungszentrum, Germany, <sup>3<\/sup>University of Wisconsin, USA, <sup>4<\/sup>NCAR, USA, <sup>5<\/sup>UK Met Office, UK, <sup>6<\/sup>Florida State University, US<\/em> <a href=\"https:\/\/www.iamas.org\/iccp\/session13_part2e\/\" data-type=\"URL\" data-id=\"https:\/\/www.iamas.org\/iccp\/session13_part2e\/\" target=\"_blank\" rel=\"noreferrer noopener\">(video; position 16:08)<\/a><\/td><\/tr><tr><td>Report from the International Cloud Modeling Workshop: Exeter, UK, July 18-22, 2016<br>Zachary Lebo*<sup>1<\/sup>, Ben Shipway<sup>2<\/sup><br><sup>1<\/sup>University of Wyoming, USA, <sup>2<\/sup>Met Office, UK <a href=\"https:\/\/www.iamas.org\/iccp\/session13_part2f\/\" data-type=\"URL\" data-id=\"https:\/\/www.iamas.org\/iccp\/session13_part2f\/\" target=\"_blank\" rel=\"noreferrer noopener\">(video; position 0:00)<\/a><\/td><\/tr><\/tbody><\/table><\/figure>\n\n\n\n<p><strong>Poster session:<\/strong><\/p>\n\n\n\n<figure class=\"wp-block-table is-style-stripes\"><table><tbody><tr><td>P13.1 THE UPDATED EFFECTIVE RADIATIVE FORCING OF MAJOR ANTHROPOGENIC AEROSOLS AND THEIR EFFECTS ON GLOBAL CLIMATE AT PRESENT AND IN THE FUTURE<br>Hua Zhang*<sup>1<\/sup>, Shuyun Zhao<sup>1<\/sup>, Zhili Wang<sup>2<\/sup><br><em><sup>1<\/sup><\/em><em>National Climate Center, China, <sup>2<\/sup>Chinese Academy of Meteorological Sciences, China<\/em><\/td><\/tr><tr><td>P13.2 Sensitivity of Cloud Feedbacks to Turbulence Closure, Microphysics Scheme, and Grid Size in Cloud-Resolving RCE Simulations<br>Andrew Lesage<sup>1<\/sup>, Steven Krueger*<sup>1<\/sup>, Marat Khairoutdinov<sup>2<\/sup><br><em><sup>1<\/sup><\/em><em>University of Utah, USA, <sup>2<\/sup>Stony Brook University, USA<\/em><\/td><\/tr><tr><td>P13.3 Validation of MODIS liquid water path for oceanic non-raining warm clouds and its implication on the vertical profile of cloud water content<br>Qi Liu*, Lingli Zhou, Dongyang Liu, Lei Xie, Lin Qi<br><em>University of Science and Technology of China, China<\/em><\/td><\/tr><tr><td>P13.4 Implementing a two-moment bulk cloud microphysics scheme into TaiESM<br>Chein-Jung Shiu*<sup>1<\/sup>, I-Chun Tsai<sup>1<\/sup>, Wei-Ting Chen<sup>2<\/sup>, Jen-Ping Chen<sup>2<\/sup>, Huang-Hsiung Hsu<sup>1<\/sup><br><em><sup>1<\/sup><\/em><em>Academia Sinica, Taiwan, <sup>2<\/sup>National Taiwan University, Taiwan<\/em><\/td><\/tr><tr><td>P13.5 Radiative impacts of cloud processed bimodal CCN spectra<br>Stephen R. Noble*, James G. Hudson<br><em>Desert Research Institute, USA<\/em> <a href=\"https:\/\/www.iamas.org\/iccp\/session13_part1g\/\" data-type=\"URL\" data-id=\"https:\/\/www.iamas.org\/iccp\/session13_part1g\/\" target=\"_blank\" rel=\"noreferrer noopener\">(video; position 16:10)<\/a><\/td><\/tr><tr><td>P13.6 Seasonal trends in cloud vertical properties in the SE Asia region from IAGOS in situ observations<br>Karl Beswick<sup>2<\/sup>, Gary Lloyd<sup>1,2<\/sup>, Tom Choularton<sup>1<\/sup>, Petzold Andreas<sup>3<\/sup>, Matt Freer<sup>4<\/sup>, Darrel Baumgardner<sup>4<\/sup>, Martin Gallagher*<sup>1,2<\/sup>, James Dorsey<sup>2<\/sup><br><em><sup>1<\/sup><\/em><em>National Centre for Atmospheric Science, Manchester, UK, <sup>2<\/sup>University of Manchester, Centre for Atmospheric Science, UK, <sup>3<\/sup>Forschungszentrum J\u00fclich GmbH, Institut f\u00fcr Energie- und Klimaforschung, J\u00fclich, Germany, <sup>4<\/sup>Droplet Measurement Technology, USA<\/em><\/td><\/tr><tr><td>P13.7 Climatic impact of marine organic aerosols as ice nuclei in the Arctic<br>Wan Ting Katty Huang*, Ulrike Lohmann, Luisa Ickes<br><em>Institute for Atmospheric and Climate Science, ETH Zurich, Switzerland<\/em><\/td><\/tr><tr><td>P13.8 Precipitation Differences in Boreal Summer Measured by DPR Ka- and Ku-Band<br>Yunfei Fu*, Aoqi Zhang, Yilun Chen, Lu Yu<br><em>University of Science and Technology of China, China<\/em><\/td><\/tr><tr><td>P13.9 Radiative effects of inter-annually varying versus inter-annually invariant aerosol emissions from fires<br>Benjamin Grandey<sup>1<\/sup>, Hsiang-He Lee*<sup>1<\/sup>, Chien Wang<sup>2,1<\/sup><br><em><sup>1<\/sup><\/em><em>Singapore-MIT Alliance for Research and Technology, Singapore, <sup>2<\/sup>Massachusetts Institute of Technology, USA<\/em><\/td><\/tr><tr><td>P13.10 Observed relationship between cloud macrophysical properties and precipitation intensity<br>Yaniv Tubul*, Reuven H Heiblum, Ilan Koren, Orit Altaratz<br><em>Department of Earth and Planetary Sciences, Weizmann Institute of Science, Israel<\/em><\/td><\/tr><tr><td>P13.11 Vertical Distributions and Seasonal Fluctuations from CALIOP: A Regional Aerosol-Cloud Interaction Analysis<br>Ashley Heikkila*, Jennifer Griswold<br><em>University of Hawaii at Manoa, USA<\/em><\/td><\/tr><tr><td>P13.12 Large size and low number concentration cloud in mid and high latitudes<br>Suginori Iwasaki*<sup>1<\/sup>, Takashi Shibata<sup>2<\/sup>, Hisayuki Kubota<sup>3<\/sup>, Hajime Okamoto<sup>4<\/sup><br><em><sup>1<\/sup><\/em><em>National Defense Academy, Japan, <sup>2<\/sup>Nagoya University, Japan, <sup>3<\/sup>Japan Agency for Marine-Earth Science and Technology, Japan, <sup>4<\/sup>Kyushu University, Japan<\/em><\/td><\/tr><tr><td>P13.13 Evaluation and Development of Cloud Microphysical Conversion Processes in the MIROC-SPRINTARS with A-Train Observations<br>Takuro Michibata*<sup>1,2<\/sup>, Toshihiko Takemura<sup>1<\/sup><br><em><sup>1<\/sup><\/em><em>Research Institute for Applied Mechanics, Kyushu University, Japan, <sup>2<\/sup>Department of Earth System Science and Technology, Kyushu University, Japan<\/em><\/td><\/tr><tr><td>P13.14 Uncertainty in the long-wave effective radiative forcing by aerosol-cloud interactions<br>Johannes Quaas*, Irene Heyn, Karoline Block, Edward Gryspeerdt, Philipp K\u00fchne, Johannes M\u00fclmenst\u00e4dt, Marc Salzmann<br><em>University of Leipzig, Germany<\/em><\/td><\/tr><tr><td>P13.15 On the relationships among cloud cover, mixed-phase partitioning, cloud feedback, and planetary albedo in GCMs<br>Daniel McCoy*<sup>1,4<\/sup>, Ivy Tan<sup>2<\/sup>, Dennis Hartmann<sup>1<\/sup>, Mark Zelinka<sup>3<\/sup>, Trude Storelvmo<sup>2<\/sup><br><em><sup>1<\/sup><\/em><em>University of Washington, USA, <sup>2<\/sup>Yale University, USA, <sup>3<\/sup>Lawrence Livermore Laboratory, USA, <sup>4<\/sup>University of Leeds, UK<\/em><\/td><\/tr><tr><td>P13.16 Interannual variations of cloud fraction and cloud types in the Atlantic Arctic from the end of the 19th century<br>Alexander Chernokulsky*<sup>1<\/sup>, Igor Esau<sup>2,3<\/sup>, Olga Bulygina<sup>4<\/sup>, Igor Mokhov<sup>1,5<\/sup>, Vladimir Semenov<sup>1,6<\/sup><br><em><sup>1<\/sup><\/em><em>Obukhov Institute of Atmospheric Physics RAS, Russia, <sup>2<\/sup>Nansen Environmental and Remote Sensing Center, Norway, <sup>3<\/sup>Centre for Climate Dynamics at the Bjerknes Centre, Norway, <sup>4<\/sup>All-Russia Research Institute of Hydrometeorological Information, Russia, <sup>5<\/sup>Lomonosov Moscow State University, Russia, <sup>6<\/sup>Institute of Geography RAS, Russia<\/em><\/td><\/tr><tr><td>P13.17 Evaluations of microphysics in a global cloud system model using TRMM\/AMSR-E and a satellite simulator.<br>Woosub Roh*<sup>1<\/sup>, Masaki Satoh<sup>1,2<\/sup><br><em><sup>1<\/sup><\/em><em>AORI, the university of Tokyo, Japan, <sup>2<\/sup>JAMSTEC, Japan<\/em><\/td><\/tr><tr><td>P13.18 The longwave, shortwave and UV&nbsp; fluxes in the cloudy atmosphere: measurements and simulations using the onboard actinometrical complex of the aircraft-laboratory YAK-42D &#8220;ROSHYDROMET&#8221;<br>Grigory Kolokutin, Victor Petrov*, Boris Fomin<br><em>Central Aerological Observatory, Russia<\/em><\/td><\/tr><tr><td>P13.19 Impact of lidar data processing on the estimation of cloud radiative forcing<br>Fabio Madonna*<sup>1<\/sup>, Simone Lolli<sup>2<\/sup>, Marco Rosoldi<sup>1<\/sup>, Gelsomina Pappalardo<sup>1<\/sup>, E. Judd Welton<sup>2<\/sup><br><em><sup>1<\/sup><\/em><em>Istituto di Metodologie per l&#8217;Analisi Ambientale Consiglio Nazionale delle Ricerche CNR-IMAA, Italy, <sup>2<\/sup>NASA-JCET, USA<\/em><\/td><\/tr><tr><td>P13.20 On the Potential Use of 3D Monte Carlo Radiative Transfer Models in Weather and Climate Models<br>Howard Barker*<sup>1<\/sup>, Jason Cole<sup>1<\/sup>, Jiangnan Li<sup>2<\/sup><br><em><sup>1<\/sup><\/em><em>Environment and Climate Change Canada, Canada, <sup>2<\/sup>Environment and Climate Change Canada, Canada<\/em><\/td><\/tr><tr><td>P13.21 Revised Cloud-Radiation Coupling for the COSMO-Model<br>Ulrich Blahak*<sup>1<\/sup>, Pavel Khain<sup>2<\/sup>, Harel Muskatel<sup>2<\/sup>, Quiang Fu<sup>3<\/sup><br><em><sup>1<\/sup><\/em><em>German Meteorological Service (DWD), Germany, <sup>2<\/sup>Israel Meteorological Service, Israel, <sup>3<\/sup>University of Washington, USA<\/em><\/td><\/tr><tr><td>P13.22 Radiative-Convective Equilibrium to Evaluate AGCM Convective Parameterizations&nbsp;<br>Kevin Reed*<sup>1<\/sup>, Brian Medeiros<sup>2<\/sup>, Adam Herrington<sup>0<\/sup><br><em><sup>1<\/sup><\/em><em>Stony Brook University, USA, <sup>2<\/sup>National Center for Atmospheric Research, USA<\/em><\/td><\/tr><tr><td>P13.23 GCM cloud parameterization development from evaluation of large-eddy and SCM simulations using in situ observations and satellite retrievals of warm, boundary-layer clouds<br>Andrew Ackerman*<sup>1<\/sup>, Ann Fridlind<sup>1<\/sup>, George Tselioudis<sup>1<\/sup>, Jasmine Remillard<sup>1,2<\/sup>, Maxwell Kelley<sup>1<\/sup><br><em><sup>1<\/sup><\/em><em>NASA Goddard Institute for Space Studies, USA, <sup>2<\/sup>Stony Brook University, USA<\/em><\/td><\/tr><\/tbody><\/table><\/figure>\n","protected":false},"excerpt":{"rendered":"<p>Oral session: S13.1 On the Representation of Cloud Phase in Global Climate Models, and its Importance for Simulations of Climate Forcings and FeedbacksTrude Storelvmo*, Navjit Sagoo, Ivy TanYale University, USA (video; position 0:00) S13.2 The dehydration-Greenhouse FeedbackEric Girard*, Jean-Pierre Blanchet, Setigui Keita, Ana Cirisan, Ludovick PelletierUniversity of Quebec at Montreal, Canada (video; position 18:00) S13.3 [&hellip;]<\/p>\n","protected":false},"author":9,"featured_media":0,"parent":0,"menu_order":0,"comment_status":"closed","ping_status":"closed","template":"","meta":{"ngg_post_thumbnail":0,"cybocfi_hide_featured_image":"","footnotes":""},"class_list":["post-632","page","type-page","status-publish","hentry"],"post_mailing_queue_ids":[],"_links":{"self":[{"href":"https:\/\/www.iamas.org\/iccp\/wp-json\/wp\/v2\/pages\/632","targetHints":{"allow":["GET"]}}],"collection":[{"href":"https:\/\/www.iamas.org\/iccp\/wp-json\/wp\/v2\/pages"}],"about":[{"href":"https:\/\/www.iamas.org\/iccp\/wp-json\/wp\/v2\/types\/page"}],"author":[{"embeddable":true,"href":"https:\/\/www.iamas.org\/iccp\/wp-json\/wp\/v2\/users\/9"}],"replies":[{"embeddable":true,"href":"https:\/\/www.iamas.org\/iccp\/wp-json\/wp\/v2\/comments?post=632"}],"version-history":[{"count":6,"href":"https:\/\/www.iamas.org\/iccp\/wp-json\/wp\/v2\/pages\/632\/revisions"}],"predecessor-version":[{"id":732,"href":"https:\/\/www.iamas.org\/iccp\/wp-json\/wp\/v2\/pages\/632\/revisions\/732"}],"wp:attachment":[{"href":"https:\/\/www.iamas.org\/iccp\/wp-json\/wp\/v2\/media?parent=632"}],"curies":[{"name":"wp","href":"https:\/\/api.w.org\/{rel}","templated":true}]}}