{"id":19,"date":"2021-11-30T09:37:53","date_gmt":"2021-11-30T09:37:53","guid":{"rendered":"https:\/\/www.iamas.org\/icma\/?page_id=19"},"modified":"2025-09-30T00:37:05","modified_gmt":"2025-09-29T23:37:05","slug":"contact","status":"publish","type":"page","link":"https:\/\/www.iamas.org\/icma\/contact\/","title":{"rendered":"CONTACT"},"content":{"rendered":"\n<p>For more information on activities of the Commission please contact <\/p>\n\n\n\n<p><strong>Natalia Calvo (ICMA President)<\/strong><br>Dpto. F\u00edsica de la Tierra y Astrof\u00edsica, Facultad CC. F\u00edsicas<br>Universidad Complutense de Madrid<br>Avda. Complutense sn 28040, Madrid, Spain<br>email: nataliac &#8220;at&#8221; fis.ucm.es<\/p>\n\n\n\n<p>or<\/p>\n\n\n\n<p><strong>Seok-Woo Son (Vice President)<\/strong><br>School of Earth and Environmental Sciences <br>Seoul National University, Seoul, Republic of Korea<br>email: seokwooson &#8220;at&#8221; snu.ac.kr<\/p>\n\n\n\n<p><\/p>\n","protected":false},"excerpt":{"rendered":"<p>For more information on activities of the Commission please contact Natalia Calvo (ICMA President)Dpto. F\u00edsica de la Tierra y Astrof\u00edsica, Facultad CC. F\u00edsicasUniversidad Complutense de MadridAvda. Complutense sn 28040, Madrid, Spainemail: nataliac &#8220;at&#8221; fis.ucm.es or Seok-Woo Son (Vice President)School of Earth and Environmental Sciences Seoul National University, Seoul, Republic of Koreaemail: seokwooson &#8220;at&#8221; snu.ac.kr<\/p>\n","protected":false},"author":35,"featured_media":0,"parent":0,"menu_order":0,"comment_status":"closed","ping_status":"closed","template":"","meta":{"cybocfi_hide_featured_image":"","footnotes":""},"class_list":["post-19","page","type-page","status-publish","hentry"],"_links":{"self":[{"href":"https:\/\/www.iamas.org\/icma\/wp-json\/wp\/v2\/pages\/19","targetHints":{"allow":["GET"]}}],"collection":[{"href":"https:\/\/www.iamas.org\/icma\/wp-json\/wp\/v2\/pages"}],"about":[{"href":"https:\/\/www.iamas.org\/icma\/wp-json\/wp\/v2\/types\/page"}],"author":[{"embeddable":true,"href":"https:\/\/www.iamas.org\/icma\/wp-json\/wp\/v2\/users\/35"}],"replies":[{"embeddable":true,"href":"https:\/\/www.iamas.org\/icma\/wp-json\/wp\/v2\/comments?post=19"}],"version-history":[{"count":9,"href":"https:\/\/www.iamas.org\/icma\/wp-json\/wp\/v2\/pages\/19\/revisions"}],"predecessor-version":[{"id":208,"href":"https:\/\/www.iamas.org\/icma\/wp-json\/wp\/v2\/pages\/19\/revisions\/208"}],"wp:attachment":[{"href":"https:\/\/www.iamas.org\/icma\/wp-json\/wp\/v2\/media?parent=19"}],"curies":[{"name":"wp","href":"https:\/\/api.w.org\/{rel}","templated":true}]}}