{"id":776,"date":"2021-06-16T20:06:53","date_gmt":"2021-06-16T19:06:53","guid":{"rendered":"https:\/\/www.iamas.org\/irc\/?page_id=776"},"modified":"2025-05-22T22:34:56","modified_gmt":"2025-05-22T21:34:56","slug":"contact-information-maya-garcia-comas","status":"publish","type":"page","link":"https:\/\/www.iamas.org\/irc\/contact-information-maya-garcia-comas\/","title":{"rendered":"Contact Information &#8211; Maya Garcia Comas"},"content":{"rendered":"\n<figure class=\"wp-block-table\"><table><tbody><tr><td><strong> Name:<\/strong><\/td><td> Maya Garcia Comas<\/td><\/tr><tr><td> <strong>Email:<\/strong><\/td><td> <a href=\"mailto:maya@iaa.es\">maya@iaa.es<\/a><\/td><\/tr><tr><td> <strong>Institution:<\/strong><\/td><td> Instituto de Astrof\u00edsica de Andaluc\u00eda<\/td><\/tr><tr><td> <strong>Address:<\/strong><\/td><td> Glorieta de la Astronom\u00eda s\/n<br> 18008 Granada<\/td><\/tr><tr><td> <strong>Office Phone:<\/strong><\/td><td> 958 230522<\/td><\/tr><tr><td><strong>Webpage:<\/strong><\/td><td><\/td><\/tr><\/tbody><\/table><\/figure>\n\n\n\n<p><\/p>\n","protected":false},"excerpt":{"rendered":"<p>Name: Maya Garcia Comas Email: maya@iaa.es Institution: Instituto de Astrof\u00edsica de Andaluc\u00eda Address: Glorieta de la Astronom\u00eda s\/n 18008 Granada Office Phone: 958 230522 Webpage:<\/p>\n","protected":false},"author":29,"featured_media":0,"parent":0,"menu_order":0,"comment_status":"closed","ping_status":"closed","template":"","meta":{"ngg_post_thumbnail":0,"cybocfi_hide_featured_image":"","footnotes":""},"class_list":["post-776","page","type-page","status-publish","hentry"],"_links":{"self":[{"href":"https:\/\/www.iamas.org\/irc\/wp-json\/wp\/v2\/pages\/776","targetHints":{"allow":["GET"]}}],"collection":[{"href":"https:\/\/www.iamas.org\/irc\/wp-json\/wp\/v2\/pages"}],"about":[{"href":"https:\/\/www.iamas.org\/irc\/wp-json\/wp\/v2\/types\/page"}],"author":[{"embeddable":true,"href":"https:\/\/www.iamas.org\/irc\/wp-json\/wp\/v2\/users\/29"}],"replies":[{"embeddable":true,"href":"https:\/\/www.iamas.org\/irc\/wp-json\/wp\/v2\/comments?post=776"}],"version-history":[{"count":2,"href":"https:\/\/www.iamas.org\/irc\/wp-json\/wp\/v2\/pages\/776\/revisions"}],"predecessor-version":[{"id":2250,"href":"https:\/\/www.iamas.org\/irc\/wp-json\/wp\/v2\/pages\/776\/revisions\/2250"}],"wp:attachment":[{"href":"https:\/\/www.iamas.org\/irc\/wp-json\/wp\/v2\/media?parent=776"}],"curies":[{"name":"wp","href":"https:\/\/api.w.org\/{rel}","templated":true}]}}